{"id":98,"date":"2017-01-24T14:26:01","date_gmt":"2017-01-24T14:26:01","guid":{"rendered":"http:\/\/sattanen.info\/wordpress\/?page_id=98"},"modified":"2017-01-24T14:26:01","modified_gmt":"2017-01-24T14:26:01","slug":"kansalaisopisto","status":"publish","type":"page","link":"https:\/\/sattanen.info\/wordpress\/?page_id=98","title":{"rendered":"Kansalaisopisto"},"content":{"rendered":"<p>Enonteki\u00f6n, Kittil\u00e4n ja Sodankyl\u00e4n kuntien yhteinen kansalaisopisto, <a href=\"http:\/\/www.revontuliopisto.fi\/\" target=\"_blank\">Revontuliopisto<\/a> j\u00e4rjest\u00e4\u00e4 kurssejaan my\u00f6s Sattasessa.\u00a0 Revontuli-Opisto tarjoaa monipuolista ja korkeatasoista\u00a0opetusta kaikenik\u00e4isille. Kurssitarjonnan l\u00f6yd\u00e4t opiston kotisivuilta linkist\u00e4 opinto-ohjelma ja sielt\u00e4 ilmoittautuminen. Valitse\u00a0opinto-ohjelmasta kurssit paikkakunnan mukaan ja sielt\u00e4 Sodankyl\u00e4 sek\u00e4 Sattanen. Kurssit on j\u00e4rjestetty kurssin aiheen mukaan.<\/p>\n","protected":false},"excerpt":{"rendered":"<p>Enonteki\u00f6n, Kittil\u00e4n ja Sodankyl\u00e4n kuntien yhteinen kansalaisopisto, Revontuliopisto j\u00e4rjest\u00e4\u00e4 kurssejaan my\u00f6s Sattasessa.\u00a0 Revontuli-Opisto tarjoaa monipuolista ja korkeatasoista\u00a0opetusta kaikenik\u00e4isille. Kurssitarjonnan l\u00f6yd\u00e4t opiston kotisivuilta linkist\u00e4 opinto-ohjelma ja sielt\u00e4 ilmoittautuminen. Valitse\u00a0opinto-ohjelmasta kurssit paikkakunnan mukaan ja sielt\u00e4 Sodankyl\u00e4 sek\u00e4 Sattanen. Kurssit on j\u00e4rjestetty kurssin aiheen mukaan.<\/p>\n","protected":false},"author":1,"featured_media":0,"parent":0,"menu_order":0,"comment_status":"closed","ping_status":"closed","template":"","meta":{"_kadence_starter_templates_imported_post":false,"_kad_post_transparent":"","_kad_post_title":"","_kad_post_layout":"","_kad_post_sidebar_id":"","_kad_post_content_style":"","_kad_post_vertical_padding":"","_kad_post_feature":"","_kad_post_feature_position":"","_kad_post_header":false,"_kad_post_footer":false,"_kad_post_classname":"","footnotes":""},"class_list":["post-98","page","type-page","status-publish","hentry"],"_links":{"self":[{"href":"https:\/\/sattanen.info\/wordpress\/index.php?rest_route=\/wp\/v2\/pages\/98","targetHints":{"allow":["GET"]}}],"collection":[{"href":"https:\/\/sattanen.info\/wordpress\/index.php?rest_route=\/wp\/v2\/pages"}],"about":[{"href":"https:\/\/sattanen.info\/wordpress\/index.php?rest_route=\/wp\/v2\/types\/page"}],"author":[{"embeddable":true,"href":"https:\/\/sattanen.info\/wordpress\/index.php?rest_route=\/wp\/v2\/users\/1"}],"replies":[{"embeddable":true,"href":"https:\/\/sattanen.info\/wordpress\/index.php?rest_route=%2Fwp%2Fv2%2Fcomments&post=98"}],"version-history":[{"count":1,"href":"https:\/\/sattanen.info\/wordpress\/index.php?rest_route=\/wp\/v2\/pages\/98\/revisions"}],"predecessor-version":[{"id":99,"href":"https:\/\/sattanen.info\/wordpress\/index.php?rest_route=\/wp\/v2\/pages\/98\/revisions\/99"}],"wp:attachment":[{"href":"https:\/\/sattanen.info\/wordpress\/index.php?rest_route=%2Fwp%2Fv2%2Fmedia&parent=98"}],"curies":[{"name":"wp","href":"https:\/\/api.w.org\/{rel}","templated":true}]}}