{"id":95,"date":"2017-01-24T14:23:31","date_gmt":"2017-01-24T14:23:31","guid":{"rendered":"http:\/\/sattanen.info\/wordpress\/?page_id=95"},"modified":"2020-11-18T10:43:12","modified_gmt":"2020-11-18T10:43:12","slug":"kalastus","status":"publish","type":"page","link":"https:\/\/sattanen.info\/wordpress\/?page_id=95","title":{"rendered":"Kalastus"},"content":{"rendered":"<p>Kyl\u00e4n ymp\u00e4rist\u00f6st\u00e4 l\u00f6ytyy useita hyvi\u00e4 kalapaikkoja.\u00a0 Sattasen allas tarjoaa aivan kotitalon nurkalla mahdollisuuksia kalastukseen.\u00a0 Kev\u00e4\u00e4ll\u00e4 erityisesti ahventen ja siikojen<br \/>pilkkiminen tarjoaa ajanvietett\u00e4 useille kyl\u00e4l\u00e4isille,mutta \u00a0my\u00f6s kisoja altaalla j\u00e4rjestet\u00e4\u00e4n.\u00a0 Melontaosiossa on ohjeita kalastukseen Sattasjoella, joka laskee altaaseen kyl\u00e4n kohdalla.\u00a0 Kyl\u00e4n sijainti keskell\u00e4 Lappia mahdollistaa pidemm\u00e4t kalastusreissut useaan suuntaan. <span style=\"font-size: inherit;\">Kalastusluvat:<\/span><br \/>Sattasen kalaveden osakaskunta, Raimo Granroth, Sattasentie 289, 99650 SODANKYL\u00c4<br \/>puh. 040 5518233\/0400 309945<\/p>\n\n\n<div class=\"wp-block-image is-style-rounded\"><figure class=\"aligncenter size-medium\"><img loading=\"lazy\" decoding=\"async\" width=\"300\" height=\"271\" src=\"https:\/\/sattanen.info\/wordpress\/wp-content\/uploads\/2020\/11\/luontoa_20120105_1112655149-300x271.jpg\" alt=\"\" class=\"wp-image-1072\" srcset=\"https:\/\/sattanen.info\/wordpress\/wp-content\/uploads\/2020\/11\/luontoa_20120105_1112655149-300x271.jpg 300w, https:\/\/sattanen.info\/wordpress\/wp-content\/uploads\/2020\/11\/luontoa_20120105_1112655149-768x695.jpg 768w, https:\/\/sattanen.info\/wordpress\/wp-content\/uploads\/2020\/11\/luontoa_20120105_1112655149.jpg 1024w\" sizes=\"auto, (max-width: 300px) 100vw, 300px\" \/><\/figure><\/div>\n","protected":false},"excerpt":{"rendered":"<p>Kyl\u00e4n ymp\u00e4rist\u00f6st\u00e4 l\u00f6ytyy useita hyvi\u00e4 kalapaikkoja.\u00a0 Sattasen allas tarjoaa aivan kotitalon nurkalla mahdollisuuksia kalastukseen.\u00a0 Kev\u00e4\u00e4ll\u00e4 erityisesti ahventen ja siikojenpilkkiminen tarjoaa ajanvietett\u00e4 useille kyl\u00e4l\u00e4isille,mutta \u00a0my\u00f6s kisoja altaalla j\u00e4rjestet\u00e4\u00e4n.\u00a0 Melontaosiossa on ohjeita kalastukseen Sattasjoella, joka laskee altaaseen kyl\u00e4n kohdalla.\u00a0 Kyl\u00e4n sijainti keskell\u00e4 Lappia mahdollistaa pidemm\u00e4t kalastusreissut useaan suuntaan. Kalastusluvat:Sattasen kalaveden osakaskunta, Raimo Granroth, Sattasentie 289, 99650 SODANKYL\u00c4puh&#8230;.<\/p>\n","protected":false},"author":1,"featured_media":0,"parent":0,"menu_order":0,"comment_status":"closed","ping_status":"closed","template":"","meta":{"_kadence_starter_templates_imported_post":false,"_kad_post_transparent":"","_kad_post_title":"","_kad_post_layout":"","_kad_post_sidebar_id":"","_kad_post_content_style":"","_kad_post_vertical_padding":"","_kad_post_feature":"","_kad_post_feature_position":"","_kad_post_header":false,"_kad_post_footer":false,"_kad_post_classname":"","footnotes":""},"class_list":["post-95","page","type-page","status-publish","hentry"],"_links":{"self":[{"href":"https:\/\/sattanen.info\/wordpress\/index.php?rest_route=\/wp\/v2\/pages\/95","targetHints":{"allow":["GET"]}}],"collection":[{"href":"https:\/\/sattanen.info\/wordpress\/index.php?rest_route=\/wp\/v2\/pages"}],"about":[{"href":"https:\/\/sattanen.info\/wordpress\/index.php?rest_route=\/wp\/v2\/types\/page"}],"author":[{"embeddable":true,"href":"https:\/\/sattanen.info\/wordpress\/index.php?rest_route=\/wp\/v2\/users\/1"}],"replies":[{"embeddable":true,"href":"https:\/\/sattanen.info\/wordpress\/index.php?rest_route=%2Fwp%2Fv2%2Fcomments&post=95"}],"version-history":[{"count":3,"href":"https:\/\/sattanen.info\/wordpress\/index.php?rest_route=\/wp\/v2\/pages\/95\/revisions"}],"predecessor-version":[{"id":1075,"href":"https:\/\/sattanen.info\/wordpress\/index.php?rest_route=\/wp\/v2\/pages\/95\/revisions\/1075"}],"wp:attachment":[{"href":"https:\/\/sattanen.info\/wordpress\/index.php?rest_route=%2Fwp%2Fv2%2Fmedia&parent=95"}],"curies":[{"name":"wp","href":"https:\/\/api.w.org\/{rel}","templated":true}]}}