{"id":89,"date":"2017-01-24T13:15:06","date_gmt":"2017-01-24T13:15:06","guid":{"rendered":"http:\/\/sattanen.info\/wordpress\/?page_id=89"},"modified":"2020-11-21T08:39:05","modified_gmt":"2020-11-21T08:39:05","slug":"harrastukset","status":"publish","type":"page","link":"https:\/\/sattanen.info\/wordpress\/?page_id=89","title":{"rendered":"Harrastukset"},"content":{"rendered":"\n<p>Sattasen kyl\u00e4 ymp\u00e4rist\u00f6ineen tarjoaa monipuoliset harrastusmahdollisuudet niin kes\u00e4ll\u00e4 kuin talvellakin.\u00a0 Alavalikoissa on tietoa eri harrastusmahdollisuuksista.<\/p>\n\n\n\n<div class=\"wp-block-image is-style-rounded\"><figure class=\"aligncenter size-full\"><img loading=\"lazy\" decoding=\"async\" width=\"240\" height=\"153\" src=\"https:\/\/sattanen.info\/wordpress\/wp-content\/uploads\/2017\/01\/mettastys.jpg\" alt=\"\" class=\"wp-image-571\"\/><\/figure><\/div>\n","protected":false},"excerpt":{"rendered":"<p>Sattasen kyl\u00e4 ymp\u00e4rist\u00f6ineen tarjoaa monipuoliset harrastusmahdollisuudet niin kes\u00e4ll\u00e4 kuin talvellakin.\u00a0 Alavalikoissa on tietoa eri harrastusmahdollisuuksista.<\/p>\n","protected":false},"author":1,"featured_media":0,"parent":0,"menu_order":0,"comment_status":"closed","ping_status":"closed","template":"","meta":{"_kadence_starter_templates_imported_post":false,"_kad_post_transparent":"","_kad_post_title":"","_kad_post_layout":"","_kad_post_sidebar_id":"","_kad_post_content_style":"","_kad_post_vertical_padding":"","_kad_post_feature":"","_kad_post_feature_position":"","_kad_post_header":false,"_kad_post_footer":false,"_kad_post_classname":"","footnotes":""},"class_list":["post-89","page","type-page","status-publish","hentry"],"_links":{"self":[{"href":"https:\/\/sattanen.info\/wordpress\/index.php?rest_route=\/wp\/v2\/pages\/89","targetHints":{"allow":["GET"]}}],"collection":[{"href":"https:\/\/sattanen.info\/wordpress\/index.php?rest_route=\/wp\/v2\/pages"}],"about":[{"href":"https:\/\/sattanen.info\/wordpress\/index.php?rest_route=\/wp\/v2\/types\/page"}],"author":[{"embeddable":true,"href":"https:\/\/sattanen.info\/wordpress\/index.php?rest_route=\/wp\/v2\/users\/1"}],"replies":[{"embeddable":true,"href":"https:\/\/sattanen.info\/wordpress\/index.php?rest_route=%2Fwp%2Fv2%2Fcomments&post=89"}],"version-history":[{"count":3,"href":"https:\/\/sattanen.info\/wordpress\/index.php?rest_route=\/wp\/v2\/pages\/89\/revisions"}],"predecessor-version":[{"id":1125,"href":"https:\/\/sattanen.info\/wordpress\/index.php?rest_route=\/wp\/v2\/pages\/89\/revisions\/1125"}],"wp:attachment":[{"href":"https:\/\/sattanen.info\/wordpress\/index.php?rest_route=%2Fwp%2Fv2%2Fmedia&parent=89"}],"curies":[{"name":"wp","href":"https:\/\/api.w.org\/{rel}","templated":true}]}}