{"id":86,"date":"2017-01-24T13:11:30","date_gmt":"2017-01-24T13:11:30","guid":{"rendered":"http:\/\/sattanen.info\/wordpress\/?page_id=86"},"modified":"2026-03-27T12:41:35","modified_gmt":"2026-03-27T12:41:35","slug":"kylatalo-ja-vuokraus","status":"publish","type":"page","link":"https:\/\/sattanen.info\/wordpress\/?page_id=86","title":{"rendered":"Kyl\u00e4talo"},"content":{"rendered":"<p>Sattasen kyl\u00e4seuran hallinnassa ja Sattasen kyl\u00e4l\u00e4isten k\u00e4ytett\u00e4viss\u00e4 on vasta remontoitu kyl\u00e4talo M\u00e4kitupa (osoitteessa: Kestikievarinpolku 19, 99650 Sattanen). Talo soveltuu hyvin noin 100 hengen tilaisuuksien j\u00e4rjest\u00e4miseen. Esimerkiksi h\u00e4it\u00e4 on j\u00e4rjestetty jo useita.\u00a0 Kyl\u00e4seura k\u00e4ytt\u00e4\u00e4 taloa omaan toimintaansa, mutta taloa vuokrataan halukkaille, my\u00f6s\u00a0muualla asuville henkil\u00f6ille, eri tilaisuuksia varten. <strong>Huom!\u00a0 Talo soveltuu hyvin my\u00f6s liikuntarajoitteisille.<\/strong><\/p>\n<p><strong>Hinnat:<\/strong><\/p>\n<ul>\n<li>P\u00e4iv\u00e4vuokra 50 \u20ac<\/li>\n<li>Viikonloppu pe-su 400 \u20ac<\/li>\n<li>Kyl\u00e4seuran j\u00e4senille edullisemmat hinnat<\/li>\n<\/ul>\n<p><strong>Sattasen kyl\u00e4talon vuokraus kyl\u00e4talon vastaavalta Eija Heikkil\u00e4lt\u00e4 puh. 040 576 3059.<\/strong><\/p>\n<p>Kyl\u00e4talolla on k\u00e4ytett\u00e4viss\u00e4 ja erikseen vuokrattavissa:<\/p>\n<ul>\n<li>Mikro<\/li>\n<li>S\u00e4hk\u00f6hella<\/li>\n<li>J\u00e4\u00e4kaappi<\/li>\n<li>Tiskikone<\/li>\n<li>Kahvinkeitin &#8211; 2 kpl<\/li>\n<li>Kahvikalusto 100 henkil\u00f6lle<\/li>\n<li>Kaasugrilli pulloineen<\/li>\n<li>Soitin ja 2 kaiutinta<\/li>\n<li>Siivousv\u00e4lineet<\/li>\n<\/ul>\n<div class=\"img_caption none\">\n<p><img decoding=\"async\" class=\"caption\" title=\"Kyl\u00e4talo M\u00e4kitupa\" src=\"http:\/\/www.sattanen.info\/joomla\/images\/kuvat\/kylatalo640480.jpg\" alt=\"\" border=\"0\" \/><img loading=\"lazy\" decoding=\"async\" class=\"alignnone wp-image-558 size-full\" src=\"https:\/\/sattanen.info\/wordpress\/wp-content\/uploads\/2017\/01\/kylatalo640480.jpg\" alt=\"\" width=\"640\" height=\"480\" srcset=\"https:\/\/sattanen.info\/wordpress\/wp-content\/uploads\/2017\/01\/kylatalo640480.jpg 640w, https:\/\/sattanen.info\/wordpress\/wp-content\/uploads\/2017\/01\/kylatalo640480-300x225.jpg 300w\" sizes=\"auto, (max-width: 640px) 100vw, 640px\" \/><\/p>\n<p class=\"img_caption\">Kyl\u00e4talo M\u00e4kitupa<\/p>\n<\/div>\n<p>Lis\u00e4ksi seuralla on v\u00e4lineit\u00e4 joita j\u00e4senet voivat lainata. Kangaspuut, lainatessa ole yhteydess\u00e4 Ekorren Mailaan. Latuh\u00f6yl\u00e4 valaistun ladun varressa nelostien ja Sattaskujan risteyksen pohjoispuolella.\u00a0 Latuh\u00f6yl\u00e4n lainaamista varten on hyv\u00e4 kysy\u00e4 kyl\u00e4n latumestarilta lupa.<\/p>\n<p>Kuvia kyl\u00e4talolta:<br \/>\n<style id=\"bwg-style-0\">    #bwg_container1_0 #bwg_container2_0 .bwg-container-0.bwg-standard-thumbnails {      width: 904px;              justify-content: center;        margin:0 auto !important;              background-color: rgba(255, 255, 255, 0.00);            padding-left: 4px;      padding-top: 4px;      max-width: 100%;            }        #bwg_container1_0 #bwg_container2_0 .bwg-container-0.bwg-standard-thumbnails .bwg-item {    justify-content: flex-start;      max-width: 180px;          }    #bwg_container1_0 #bwg_container2_0 .bwg-container-0.bwg-standard-thumbnails .bwg-item a {       margin-right: 4px;       margin-bottom: 4px;    }    #bwg_container1_0 #bwg_container2_0 .bwg-container-0.bwg-standard-thumbnails .bwg-item0 {      padding: 0px;            background-color:rgba(255,255,255, 0.30);      border: 0px none #CCCCCC;      opacity: 1.00;      border-radius: 0;      box-shadow: 0px 0px 0px #888888;    }    #bwg_container1_0 #bwg_container2_0 .bwg-container-0.bwg-standard-thumbnails .bwg-item1 img {      max-height: none;      max-width: none;      padding: 0 !important;    }        @media only screen and (min-width: 480px) {      #bwg_container1_0 #bwg_container2_0 .bwg-container-0.bwg-standard-thumbnails .bwg-item0 {        transition: all 0.3s ease 0s;-webkit-transition: all 0.3s ease 0s;      }      #bwg_container1_0 #bwg_container2_0 .bwg-container-0.bwg-standard-thumbnails .bwg-item0:hover {        -ms-transform: scale(1.1);        -webkit-transform: scale(1.1);        transform: scale(1.1);      }    }          #bwg_container1_0 #bwg_container2_0 .bwg-container-0.bwg-standard-thumbnails .bwg-item1 {      padding-top: 50%;    }        #bwg_container1_0 #bwg_container2_0 .bwg-container-0.bwg-standard-thumbnails .bwg-title2,    #bwg_container1_0 #bwg_container2_0 .bwg-container-0.bwg-standard-thumbnails .bwg-ecommerce2 {      color: #CCCCCC;      font-family: segoe ui;      font-size: 16px;      font-weight: bold;      padding: 2px;      text-shadow: 0px 0px 0px #888888;      max-height: 100%;    }    #bwg_container1_0 #bwg_container2_0 .bwg-container-0.bwg-standard-thumbnails .bwg-thumb-description span {    color: #323A45;    font-family: Ubuntu;    font-size: 12px;    max-height: 100%;    word-wrap: break-word;    }    #bwg_container1_0 #bwg_container2_0 .bwg-container-0.bwg-standard-thumbnails .bwg-play-icon2 {      font-size: 32px;    }    #bwg_container1_0 #bwg_container2_0 .bwg-container-0.bwg-standard-thumbnails .bwg-ecommerce2 {      font-size: 19.2px;      color: #CCCCCC;    }    <\/style>    <div id=\"bwg_container1_0\"         class=\"bwg_container bwg_thumbnail bwg_thumbnails \"         data-right-click-protection=\"0\"         data-bwg=\"0\"         data-scroll=\"0\"         data-gallery-type=\"thumbnails\"         data-gallery-view-type=\"thumbnails\"         data-current-url=\"\/wordpress\/index.php?rest_route=%2Fwp%2Fv2%2Fpages%2F86\"         data-lightbox-url=\"https:\/\/sattanen.info\/wordpress\/wp-admin\/admin-ajax.php?action=GalleryBox&#038;current_view=0&#038;gallery_id=5&#038;tag=0&#038;theme_id=1&#038;shortcode_id=14&#038;sort_by=order&#038;order_by=asc&#038;current_url=%2Fwordpress%2Findex.php%3Frest_route%3D%252Fwp%252Fv2%252Fpages%252F86\"         data-gallery-id=\"5\"         data-popup-width=\"800\"         data-popup-height=\"500\"         data-is-album=\"gallery\"         data-buttons-position=\"bottom\">      <div id=\"bwg_container2_0\">             <div id=\"ajax_loading_0\" class=\"bwg_loading_div_1\">      <div class=\"bwg_loading_div_2\">        <div class=\"bwg_loading_div_3\">          <div id=\"loading_div_0\" class=\"bwg_spider_ajax_loading\">          <\/div>        <\/div>      <\/div>    <\/div>            <form id=\"gal_front_form_0\"              class=\"bwg-hidden\"              method=\"post\"              action=\"#\"              data-current=\"0\"              data-shortcode-id=\"14\"              data-gallery-type=\"thumbnails\"              data-gallery-id=\"5\"              data-tag=\"0\"              data-album-id=\"0\"              data-theme-id=\"1\"              data-ajax-url=\"https:\/\/sattanen.info\/wordpress\/wp-admin\/admin-ajax.php?action=bwg_frontend_data\">          <div id=\"bwg_container3_0\" class=\"bwg-background bwg-background-0\">                <div data-max-count=\"5\"         data-thumbnail-width=\"180\"         data-bwg=\"0\"         data-gallery-id=\"5\"         data-lightbox-url=\"https:\/\/sattanen.info\/wordpress\/wp-admin\/admin-ajax.php?action=GalleryBox&amp;current_view=0&amp;gallery_id=5&amp;tag=0&amp;theme_id=1&amp;shortcode_id=14&amp;sort_by=order&amp;order_by=asc&amp;current_url=%2Fwordpress%2Findex.php%3Frest_route%3D%252Fwp%252Fv2%252Fpages%252F86\"         id=\"bwg_thumbnails_0\"         class=\"bwg-container-0 bwg-thumbnails bwg-standard-thumbnails bwg-container bwg-border-box\">            <div class=\"bwg-item\">        <a class=\"bwg-a  bwg_lightbox\"  data-image-id=\"449\" href=\"https:\/\/sattanen.info\/wordpress\/wp-content\/uploads\/photo-gallery\/kylatalo640480.jpg\" data-elementor-open-lightbox=\"no\">                <div class=\"bwg-item0 \">          <div class=\"bwg-item1 \">            <div class=\"bwg-item2\">              <img decoding=\"async\" class=\"skip-lazy bwg_standart_thumb_img_0 \"                   data-id=\"449\"                   data-width=\"\"                   data-height=\"\"                   data-src=\"https:\/\/sattanen.info\/wordpress\/wp-content\/uploads\/photo-gallery\/thumb\/kylatalo640480.jpg\"                   src=\"https:\/\/sattanen.info\/wordpress\/wp-content\/uploads\/photo-gallery\/thumb\/kylatalo640480.jpg\"                   alt=\"kylatalo640480\"                   title=\"kylatalo640480\" \/>            <\/div>            <div class=\"\">                                                      <\/div>          <\/div>        <\/div>                        <\/a>              <\/div>            <div class=\"bwg-item\">        <a class=\"bwg-a  bwg_lightbox\"  data-image-id=\"448\" href=\"https:\/\/sattanen.info\/wordpress\/wp-content\/uploads\/photo-gallery\/kylaetalo_20120110_1209965710.jpg\" data-elementor-open-lightbox=\"no\">                <div class=\"bwg-item0 \">          <div class=\"bwg-item1 \">            <div class=\"bwg-item2\">              <img decoding=\"async\" class=\"skip-lazy bwg_standart_thumb_img_0 \"                   data-id=\"448\"                   data-width=\"\"                   data-height=\"\"                   data-src=\"https:\/\/sattanen.info\/wordpress\/wp-content\/uploads\/photo-gallery\/thumb\/kylaetalo_20120110_1209965710.jpg\"                   src=\"https:\/\/sattanen.info\/wordpress\/wp-content\/uploads\/photo-gallery\/thumb\/kylaetalo_20120110_1209965710.jpg\"                   alt=\"kylaetalo 20120110 1209965710\"                   title=\"kylaetalo 20120110 1209965710\" \/>            <\/div>            <div class=\"\">                                                      <\/div>          <\/div>        <\/div>                        <\/a>              <\/div>            <div class=\"bwg-item\">        <a class=\"bwg-a  bwg_lightbox\"  data-image-id=\"447\" href=\"https:\/\/sattanen.info\/wordpress\/wp-content\/uploads\/photo-gallery\/maekituvan_pohjapiirros_20120110_1708517927.jpg\" data-elementor-open-lightbox=\"no\">                <div class=\"bwg-item0 \">          <div class=\"bwg-item1 \">            <div class=\"bwg-item2\">              <img decoding=\"async\" class=\"skip-lazy bwg_standart_thumb_img_0 \"                   data-id=\"447\"                   data-width=\"\"                   data-height=\"\"                   data-src=\"https:\/\/sattanen.info\/wordpress\/wp-content\/uploads\/photo-gallery\/thumb\/maekituvan_pohjapiirros_20120110_1708517927.jpg\"                   src=\"https:\/\/sattanen.info\/wordpress\/wp-content\/uploads\/photo-gallery\/thumb\/maekituvan_pohjapiirros_20120110_1708517927.jpg\"                   alt=\"maekituvan pohjapiirros 20120110 1708517927\"                   title=\"maekituvan pohjapiirros 20120110 1708517927\" \/>            <\/div>            <div class=\"\">                                                      <\/div>          <\/div>        <\/div>                        <\/a>              <\/div>            <div class=\"bwg-item\">        <a class=\"bwg-a  bwg_lightbox\"  data-image-id=\"446\" href=\"https:\/\/sattanen.info\/wordpress\/wp-content\/uploads\/photo-gallery\/kylaetalo_20120110_1105881521.jpg\" data-elementor-open-lightbox=\"no\">                <div class=\"bwg-item0 \">          <div class=\"bwg-item1 \">            <div class=\"bwg-item2\">              <img decoding=\"async\" class=\"skip-lazy bwg_standart_thumb_img_0 \"                   data-id=\"446\"                   data-width=\"\"                   data-height=\"\"                   data-src=\"https:\/\/sattanen.info\/wordpress\/wp-content\/uploads\/photo-gallery\/thumb\/kylaetalo_20120110_1105881521.jpg\"                   src=\"https:\/\/sattanen.info\/wordpress\/wp-content\/uploads\/photo-gallery\/thumb\/kylaetalo_20120110_1105881521.jpg\"                   alt=\"kylaetalo 20120110 1105881521\"                   title=\"kylaetalo 20120110 1105881521\" \/>            <\/div>            <div class=\"\">                                                      <\/div>          <\/div>        <\/div>                        <\/a>              <\/div>            <div class=\"bwg-item\">        <a class=\"bwg-a  bwg_lightbox\"  data-image-id=\"445\" href=\"https:\/\/sattanen.info\/wordpress\/wp-content\/uploads\/photo-gallery\/kylaetalo_20120110_1791315757.jpg\" data-elementor-open-lightbox=\"no\">                <div class=\"bwg-item0 \">          <div class=\"bwg-item1 \">            <div class=\"bwg-item2\">              <img decoding=\"async\" class=\"skip-lazy bwg_standart_thumb_img_0 \"                   data-id=\"445\"                   data-width=\"\"                   data-height=\"\"                   data-src=\"https:\/\/sattanen.info\/wordpress\/wp-content\/uploads\/photo-gallery\/thumb\/kylaetalo_20120110_1791315757.jpg\"                   src=\"https:\/\/sattanen.info\/wordpress\/wp-content\/uploads\/photo-gallery\/thumb\/kylaetalo_20120110_1791315757.jpg\"                   alt=\"kylaetalo 20120110 1791315757\"                   title=\"kylaetalo 20120110 1791315757\" \/>            <\/div>            <div class=\"\">                                                      <\/div>          <\/div>        <\/div>                        <\/a>              <\/div>            <div class=\"bwg-item\">        <a class=\"bwg-a  bwg_lightbox\"  data-image-id=\"444\" href=\"https:\/\/sattanen.info\/wordpress\/wp-content\/uploads\/photo-gallery\/kylaetalo_20120110_1839994275.jpg\" data-elementor-open-lightbox=\"no\">                <div class=\"bwg-item0 \">          <div class=\"bwg-item1 \">            <div class=\"bwg-item2\">              <img decoding=\"async\" class=\"skip-lazy bwg_standart_thumb_img_0 \"                   data-id=\"444\"                   data-width=\"\"                   data-height=\"\"                   data-src=\"https:\/\/sattanen.info\/wordpress\/wp-content\/uploads\/photo-gallery\/thumb\/kylaetalo_20120110_1839994275.jpg\"                   src=\"https:\/\/sattanen.info\/wordpress\/wp-content\/uploads\/photo-gallery\/thumb\/kylaetalo_20120110_1839994275.jpg\"                   alt=\"kylaetalo 20120110 1839994275\"                   title=\"kylaetalo 20120110 1839994275\" \/>            <\/div>            <div class=\"\">                                                      <\/div>          <\/div>        <\/div>                        <\/a>              <\/div>          <\/div>    <style>      \/*pagination styles*\/      #bwg_container1_0 #bwg_container2_0 .tablenav-pages_0 {\t\t\t\ttext-align: center;\t\t\t\tfont-size: 12px;\t\t\t\tfont-family: segoe ui;\t\t\t\tfont-weight: bold;\t\t\t\tcolor: #666666;\t\t\t\tmargin: 6px 0 4px;\t\t\t\tdisplay: block;      }      @media only screen and (max-width : 320px) {      #bwg_container1_0 #bwg_container2_0 .displaying-num_0 {     \t display: none;      }      }      #bwg_container1_0 #bwg_container2_0 .displaying-num_0 {\t\t\t\tfont-size: 12px;\t\t\t\tfont-family: segoe ui;\t\t\t\tfont-weight: bold;\t\t\t\tcolor: #666666;\t\t\t\tmargin-right: 10px;\t\t\t\tvertical-align: middle;      }      #bwg_container1_0 #bwg_container2_0 .paging-input_0 {\t\t\t\tfont-size: 12px;\t\t\t\tfont-family: segoe ui;\t\t\t\tfont-weight: bold;\t\t\t\tcolor: #666666;\t\t\t\tvertical-align: middle;      }      #bwg_container1_0 #bwg_container2_0 .tablenav-pages_0 a.disabled,      #bwg_container1_0 #bwg_container2_0 .tablenav-pages_0 a.disabled:hover,      #bwg_container1_0 #bwg_container2_0 .tablenav-pages_0 a.disabled:focus,\t\t\t#bwg_container1_0 #bwg_container2_0 .tablenav-pages_0 input.bwg_current_page {\t\t\t\tcursor: default;\t\t\t\tcolor: rgba(102, 102, 102, 0.5);      }      #bwg_container1_0 #bwg_container2_0 .tablenav-pages_0 a,      #bwg_container1_0 #bwg_container2_0 .tablenav-pages_0 input.bwg_current_page {\t\t\t\tcursor: pointer;\t\t\t\ttext-align: center;\t\t\t\tfont-size: 12px;\t\t\t\tfont-family: segoe ui;\t\t\t\tfont-weight: bold;\t\t\t\tcolor: #666666;\t\t\t\ttext-decoration: none;\t\t\t\tpadding: 3px 6px;\t\t\t\tmargin: 0;\t\t\t\tborder-radius: 0;\t\t\t\tborder-style: solid;\t\t\t\tborder-width: 1px;\t\t\t\tborder-color: #E3E3E3;\t\t\t\t\t\t\t\tbackground-color: rgba(255, 255, 255, 1.00);\t\t\t\tbox-shadow: 0;\t\t\t\ttransition: all 0.3s ease 0s;-webkit-transition: all 0.3s ease 0s;      }      <\/style>      <span class=\"bwg_nav_cont_0\">              <div class=\"tablenav-pages_0\">                  <\/div>                <input type=\"hidden\" id=\"page_number_0\" name=\"page_number_0\" value=\"1\" \/>      <script type=\"text\/javascript\">        if( jQuery('.bwg_nav_cont_0').length > 1 ) {          jQuery('.bwg_nav_cont_0').first().remove()        }        function spider_page_0(cur, x, y, load_more) {          if (typeof load_more == \"undefined\") {            var load_more = false;          }          if (jQuery(cur).hasClass('disabled')) {            return false;          }          var items_county_0 = 1;          switch (y) {            case 1:              if (x >= items_county_0) {                document.getElementById('page_number_0').value = items_county_0;              }              else {                document.getElementById('page_number_0').value = x + 1;              }              break;            case 2:              document.getElementById('page_number_0').value = items_county_0;              break;            case -1:              if (x == 1) {                document.getElementById('page_number_0').value = 1;              }              else {                document.getElementById('page_number_0').value = x - 1;              }              break;            case -2:              document.getElementById('page_number_0').value = 1;              break;\t\t\t\t\t\tcase 0:              document.getElementById('page_number_0').value = x;              break;            default:              document.getElementById('page_number_0').value = 1;          }          bwg_ajax('gal_front_form_0', '0', 'bwg_thumbnails_0', '0', '', 'gallery', 0, '', '', load_more, '', 1);        }                    jQuery('.first-page-0').on('click', function () {              spider_page_0(this, 1, -2, 'numeric');              return false;            });            jQuery('.prev-page-0').on('click', function () {              spider_page_0(this, 1, -1, 'numeric');              return false;            });            jQuery('.next-page-0').on('click', function () {              spider_page_0(this, 1, 1, 'numeric');              return false;            });            jQuery('.last-page-0').on('click', function () {              spider_page_0(this, 1, 2, 'numeric');              return false;            });        \t\t\t\t\/* Change page on input enter. *\/        function bwg_change_page_0( e, that ) {          if (  e.key == 'Enter' ) {            var to_page = parseInt(jQuery(that).val());            var pages_count = jQuery(that).parents(\".pagination-links\").data(\"pages-count\");            var current_url_param = jQuery(that).attr('data-url-info');            if (to_page > pages_count) {              to_page = 1;            }\t \t\t\t\t\t\t\t\t\t\t\t\tspider_page_0(this, to_page, 0, 'numeric');\t\t\t\t\t\t\treturn false;\t\t\t\t\t\t          }          return true;        }        jQuery('.bwg_load_btn_0').on('click', function () {            spider_page_0(this, 1, 1, true);            return false;        });      <\/script>      <\/span>                <\/div>        <\/form>        <style>          #bwg_container1_0 #bwg_container2_0 #spider_popup_overlay_0 {          background-color: #000000;          opacity: 0.70;          }          <\/style>        <div id=\"bwg_spider_popup_loading_0\" class=\"bwg_spider_popup_loading\"><\/div>        <div id=\"spider_popup_overlay_0\" class=\"spider_popup_overlay\" onclick=\"spider_destroypopup(1000)\"><\/div>        <input type=\"hidden\" id=\"bwg_random_seed_0\" value=\"1488928133\">                <\/div>    <\/div>    <script>      if (document.readyState === 'complete') {        if( typeof bwg_main_ready == 'function' ) {          if ( jQuery(\"#bwg_container1_0\").height() ) {            bwg_main_ready(jQuery(\"#bwg_container1_0\"));          }        }      } else {        document.addEventListener('DOMContentLoaded', function() {          if( typeof bwg_main_ready == 'function' ) {            if ( jQuery(\"#bwg_container1_0\").height() ) {             bwg_main_ready(jQuery(\"#bwg_container1_0\"));            }          }        });      }    <\/script>    <\/p>\n","protected":false},"excerpt":{"rendered":"<p>Sattasen kyl\u00e4seuran hallinnassa ja Sattasen kyl\u00e4l\u00e4isten k\u00e4ytett\u00e4viss\u00e4 on vasta remontoitu kyl\u00e4talo M\u00e4kitupa (osoitteessa: Kestikievarinpolku 19, 99650 Sattanen). Talo soveltuu hyvin noin 100 hengen tilaisuuksien j\u00e4rjest\u00e4miseen. Esimerkiksi h\u00e4it\u00e4 on j\u00e4rjestetty jo useita.\u00a0 Kyl\u00e4seura k\u00e4ytt\u00e4\u00e4 taloa omaan toimintaansa, mutta taloa vuokrataan halukkaille, my\u00f6s\u00a0muualla asuville henkil\u00f6ille, eri tilaisuuksia varten. Huom!\u00a0 Talo soveltuu hyvin my\u00f6s liikuntarajoitteisille. Hinnat: P\u00e4iv\u00e4vuokra 50&#8230;<\/p>\n","protected":false},"author":1,"featured_media":0,"parent":0,"menu_order":0,"comment_status":"closed","ping_status":"closed","template":"","meta":{"_kadence_starter_templates_imported_post":false,"_kad_post_transparent":"","_kad_post_title":"","_kad_post_layout":"","_kad_post_sidebar_id":"","_kad_post_content_style":"","_kad_post_vertical_padding":"","_kad_post_feature":"","_kad_post_feature_position":"","_kad_post_header":false,"_kad_post_footer":false,"_kad_post_classname":"","footnotes":""},"class_list":["post-86","page","type-page","status-publish","hentry"],"_links":{"self":[{"href":"https:\/\/sattanen.info\/wordpress\/index.php?rest_route=\/wp\/v2\/pages\/86","targetHints":{"allow":["GET"]}}],"collection":[{"href":"https:\/\/sattanen.info\/wordpress\/index.php?rest_route=\/wp\/v2\/pages"}],"about":[{"href":"https:\/\/sattanen.info\/wordpress\/index.php?rest_route=\/wp\/v2\/types\/page"}],"author":[{"embeddable":true,"href":"https:\/\/sattanen.info\/wordpress\/index.php?rest_route=\/wp\/v2\/users\/1"}],"replies":[{"embeddable":true,"href":"https:\/\/sattanen.info\/wordpress\/index.php?rest_route=%2Fwp%2Fv2%2Fcomments&post=86"}],"version-history":[{"count":6,"href":"https:\/\/sattanen.info\/wordpress\/index.php?rest_route=\/wp\/v2\/pages\/86\/revisions"}],"predecessor-version":[{"id":2122,"href":"https:\/\/sattanen.info\/wordpress\/index.php?rest_route=\/wp\/v2\/pages\/86\/revisions\/2122"}],"wp:attachment":[{"href":"https:\/\/sattanen.info\/wordpress\/index.php?rest_route=%2Fwp%2Fv2%2Fmedia&parent=86"}],"curies":[{"name":"wp","href":"https:\/\/api.w.org\/{rel}","templated":true}]}}