{"id":71,"date":"2017-01-24T12:58:03","date_gmt":"2017-01-24T12:58:03","guid":{"rendered":"http:\/\/sattanen.info\/wordpress\/?page_id=71"},"modified":"2020-12-08T17:54:55","modified_gmt":"2020-12-08T17:54:55","slug":"tontit","status":"publish","type":"page","link":"https:\/\/sattanen.info\/wordpress\/?page_id=71","title":{"rendered":"Tontit"},"content":{"rendered":"<p><a href=\"http:\/\/www.sodankyla.fi\/asuminen\/Pages\/Vapaat%20tontit.aspx\" target=\"_blank\" rel=\"noopener noreferrer\">Sodankyl\u00e4n kunnan tontit<\/a> Sattasessa l\u00f6yd\u00e4t kunnan sivuilta.<\/p>\n<p><strong>Yksityisten myynniss\u00e4 olevat tontit:<\/strong><\/p>\n<p>1. Myyd\u00e4\u00e4n 6000 m2:n tontti Sattasen kyl\u00e4st\u00e4. Kunnallistekniikka on saatavilla tontin vierest\u00e4. Sattasen alue on rauhallista asuinseutua ja E4-tien alitse on kulku py\u00f6r\u00e4tiet\u00e4 pitkin.<\/p>\n<p>Hinta 20 000 \u20ac<br \/>\nYhteystiedot<br \/>\nSirkka ja Kauko Korhonen \/\u00a0puh. 0400 692 240<br \/>\n<span id=\"cloak3173302f02b177ad7f88d17124be5991\"><a href=\"mailto:korhosenkauko@hotmail.com\">korhosenkauko(at)hotmail.com<\/a><\/span><\/p>\n","protected":false},"excerpt":{"rendered":"<p>Sodankyl\u00e4n kunnan tontit Sattasessa l\u00f6yd\u00e4t kunnan sivuilta. Yksityisten myynniss\u00e4 olevat tontit: 1. Myyd\u00e4\u00e4n 6000 m2:n tontti Sattasen kyl\u00e4st\u00e4. Kunnallistekniikka on saatavilla tontin vierest\u00e4. Sattasen alue on rauhallista asuinseutua ja E4-tien alitse on kulku py\u00f6r\u00e4tiet\u00e4 pitkin. Hinta 20 000 \u20ac Yhteystiedot Sirkka ja Kauko Korhonen \/\u00a0puh. 0400 692 240 korhosenkauko(at)hotmail.com<\/p>\n","protected":false},"author":1,"featured_media":0,"parent":0,"menu_order":0,"comment_status":"closed","ping_status":"closed","template":"","meta":{"_kadence_starter_templates_imported_post":false,"_kad_post_transparent":"","_kad_post_title":"","_kad_post_layout":"","_kad_post_sidebar_id":"","_kad_post_content_style":"","_kad_post_vertical_padding":"","_kad_post_feature":"","_kad_post_feature_position":"","_kad_post_header":false,"_kad_post_footer":false,"_kad_post_classname":"","footnotes":""},"class_list":["post-71","page","type-page","status-publish","hentry"],"_links":{"self":[{"href":"https:\/\/sattanen.info\/wordpress\/index.php?rest_route=\/wp\/v2\/pages\/71","targetHints":{"allow":["GET"]}}],"collection":[{"href":"https:\/\/sattanen.info\/wordpress\/index.php?rest_route=\/wp\/v2\/pages"}],"about":[{"href":"https:\/\/sattanen.info\/wordpress\/index.php?rest_route=\/wp\/v2\/types\/page"}],"author":[{"embeddable":true,"href":"https:\/\/sattanen.info\/wordpress\/index.php?rest_route=\/wp\/v2\/users\/1"}],"replies":[{"embeddable":true,"href":"https:\/\/sattanen.info\/wordpress\/index.php?rest_route=%2Fwp%2Fv2%2Fcomments&post=71"}],"version-history":[{"count":3,"href":"https:\/\/sattanen.info\/wordpress\/index.php?rest_route=\/wp\/v2\/pages\/71\/revisions"}],"predecessor-version":[{"id":1136,"href":"https:\/\/sattanen.info\/wordpress\/index.php?rest_route=\/wp\/v2\/pages\/71\/revisions\/1136"}],"wp:attachment":[{"href":"https:\/\/sattanen.info\/wordpress\/index.php?rest_route=%2Fwp%2Fv2%2Fmedia&parent=71"}],"curies":[{"name":"wp","href":"https:\/\/api.w.org\/{rel}","templated":true}]}}