{"id":708,"date":"2018-11-01T13:50:22","date_gmt":"2018-11-01T13:50:22","guid":{"rendered":"http:\/\/sattanen.info\/wordpress\/?page_id=708"},"modified":"2018-11-01T13:50:22","modified_gmt":"2018-11-01T13:50:22","slug":"tietosuojaseloste","status":"publish","type":"page","link":"https:\/\/sattanen.info\/wordpress\/?page_id=708","title":{"rendered":"Tietosuojaseloste"},"content":{"rendered":"<p><strong>Rekisterinpit\u00e4j\u00e4 ja yhteyshenkil\u00f6<\/strong><\/p>\n<p>Rekisterinpit\u00e4j\u00e4: Sattasen Kyl\u00e4seura ry<\/p>\n<p>Osoite: Kestikievarinpolku 19, 99650 Sattanen<\/p>\n<p>Puhelin: <strong>+<\/strong>358403578225<strong><\/p>\n<p><\/strong>S\u00e4hk\u00f6posti: sihteeri@sattanen.info<br \/>\nYhteyshenkil\u00f6: Katja Sorri<\/p>\n<p><strong>Rekister\u00f6idyt<\/strong><\/p>\n<p>Rekisteriss\u00e4 k\u00e4sitell\u00e4\u00e4n Sattasen Kyl\u00e4seura ry:n j\u00e4senien ja yhdistyksen toimintaan liittyvien organisaatioiden yhteyshenkil\u00f6iden sek\u00e4 sen luottamushenkil\u00f6iden henkil\u00f6tietoja.<\/p>\n<p><strong>Henkil\u00f6tietojen k\u00e4sittelyn peruste ja k\u00e4ytt\u00f6tarkoitus<\/strong><\/p>\n<p>Rekisterin k\u00e4ytt\u00f6tarkoituksena on rekister\u00f6ityjen henkil\u00f6tietojen ajantasainen hallinta j\u00e4senyyden aikana, sen yll\u00e4pito ja kehitt\u00e4minen sek\u00e4 markkinointi ja my\u00f6s p\u00e4\u00e4ttyneiden j\u00e4senyyksien dokumentaation hallinta rekisteriss\u00e4. Henkil\u00f6tietojen k\u00e4sittely perustuu yhdistyksen lains\u00e4\u00e4d\u00e4nn\u00f6lliseen velvoitteeseen yll\u00e4pit\u00e4\u00e4 rekisteri\u00e4.<\/p>\n<p><strong>K\u00e4sitelt\u00e4v\u00e4t henkil\u00f6tiedot <\/strong><\/p>\n<p>Rekisteriss\u00e4 k\u00e4sitell\u00e4\u00e4n yhdistyksen j\u00e4senien henkil\u00f6- ja yhteystietoja sek\u00e4 muita j\u00e4senyyteen liittyvi\u00e4 tarpeellisia tietoja. N\u00e4it\u00e4 tietoja ovat:<\/p>\n<ul>\n<li>Rekister\u00f6idyn etu- ja sukunimi<\/li>\n<li>Rekister\u00f6idyn postiosoite<\/li>\n<li>Rekister\u00f6idyn s\u00e4hk\u00f6postiosoite<\/li>\n<li>Rekister\u00f6idyn puhelinnumero<\/li>\n<\/ul>\n<p><strong>S\u00e4\u00e4nn\u00f6nmukaiset tietol\u00e4hteet <\/strong><\/p>\n<p>Henkil\u00f6tietoja ker\u00e4t\u00e4\u00e4n rekister\u00f6idylt\u00e4 itselt\u00e4\u00e4n.<\/p>\n<p><strong>Henkil\u00f6tietojen suojaaminen ja tietoturva<\/strong><\/p>\n<p>Digitaalisesti k\u00e4sitelt\u00e4v\u00e4t henkil\u00f6tiedot on suojattu ja tallennettu Sattasen Kyl\u00e4seura ry:n j\u00e4rjestelm\u00e4\u00e4n, johon on rajattu p\u00e4\u00e4sy vain sellaisilla henkil\u00f6ill\u00e4, jotka tarvitsevat kyseisi\u00e4 tietoja ty\u00f6teht\u00e4viens\u00e4 hoitamiseksi. Kyseisill\u00e4 henkil\u00f6ill\u00e4 on k\u00e4yt\u00f6ss\u00e4\u00e4n henkil\u00f6kohtaiset k\u00e4ytt\u00e4j\u00e4tunnukset ja salasanat. Henkil\u00f6tiedot on suojattu ulkopuoliselta k\u00e4yt\u00f6lt\u00e4 ja j\u00e4sentietojen k\u00e4ytt\u00f6\u00e4 valvotaan. J\u00e4senell\u00e4 on henkil\u00f6kohtainen k\u00e4ytt\u00e4j\u00e4tunnus ja salasanasuojaus.<\/p>\n<p><strong>Henkil\u00f6tietojen s\u00e4\u00e4nn\u00f6nmukaiset luovutukset ja siirrot<\/strong><\/p>\n<p>Henkil\u00f6tietoja ei luovuteta kolmansille.<\/p>\n<p><strong>Henkil\u00f6tietojen s\u00e4ilytysaika<\/strong><\/p>\n<p>Henkil\u00f6tiedot s\u00e4ilytet\u00e4\u00e4n rekisteriss\u00e4 niin kauan kuin rekister\u00f6ity on Sattasen Kyl\u00e4seura ry:n j\u00e4sen. J\u00e4senyyden p\u00e4\u00e4ttymisen j\u00e4lkeen henkil\u00f6tietoja s\u00e4ilytet\u00e4\u00e4n enint\u00e4\u00e4n kymmenen vuoden ajan j\u00e4senyyden p\u00e4\u00e4ttymisest\u00e4 yhdistyksen oikeutetun edun perusteella, ts. mahdollisiin oikeusvaateisiin puolustautumisen takia (KKO 2017:15). Henkil\u00f6tiedot voidaan s\u00e4ilytt\u00e4\u00e4 my\u00f6s t\u00e4t\u00e4 kauemmin, jos sovellettava lains\u00e4\u00e4d\u00e4nt\u00f6 tai yhdistyksen sopimusvelvoitteet kolmansia kohtaan edellytt\u00e4v\u00e4t pidemp\u00e4\u00e4 s\u00e4ilytysaikaa.<\/p>\n<p><strong>Rekister\u00f6idyn oikeudet<\/strong><\/p>\n<p>Rekister\u00f6idyll\u00e4 on oikeus koska tahansa vastustaa henkil\u00f6tietojensa k\u00e4sittely\u00e4 suoramarkkinointitarkoituksiin. Rekister\u00f6ity voi antaa yhdistykselle kanavakohtaisia suoramarkkinointia koskevia suostumuksia ja kieltoja (esimerkiksi kielt\u00e4\u00e4 s\u00e4hk\u00f6postitse l\u00e4hetett\u00e4v\u00e4t markkinointiviestit).<\/p>\n<p>Lis\u00e4ksi rekister\u00f6idyll\u00e4 on l\u00e4ht\u00f6kohtaisesti oikeus soveltuvan tietosuojalains\u00e4\u00e4d\u00e4nn\u00f6n mukaisesti milloin tahansa:<\/p>\n<ul>\n<li>saada tieto henkil\u00f6tietojensa k\u00e4sittelyst\u00e4<\/li>\n<li>saada p\u00e4\u00e4sy omiin tietoihinsa ja tarkastaa itse\u00e4\u00e4n koskevat Sattasen Kyl\u00e4seura ry:n k\u00e4sittelem\u00e4t henkil\u00f6tiedot<\/li>\n<li>vaatia ep\u00e4tarkan ja virheellisen henkil\u00f6tiedon oikaisua ja tietojen t\u00e4ydent\u00e4mist\u00e4<\/li>\n<li>vaatia henkil\u00f6tietojensa poistamista<\/li>\n<li>peruuttaa suostumuksensa ja vastustaa henkil\u00f6tietojensa k\u00e4sittely\u00e4 silt\u00e4 osin kuin henkil\u00f6tietojen k\u00e4sittely perustuu rekister\u00f6idyn suostumukseen<\/li>\n<\/ul>\n<p>Rekister\u00f6idyn tulee esitt\u00e4\u00e4 edell\u00e4 mainitun oikeuden toteuttamista koskeva pyynt\u00f6 t\u00e4m\u00e4n tietosuojaselosteen Yhteydenotot-kohdan mukaisesti. Yhdistys voi pyyt\u00e4\u00e4 rekister\u00f6ity\u00e4 tarkentamaan pyynt\u00f6\u00e4\u00e4n kirjallisesti ja varmentamaan rekister\u00f6idyn henkil\u00f6llisyyden ennen pyynn\u00f6n k\u00e4sittelemist\u00e4. Yhdistys voi kielt\u00e4yty\u00e4 pyynn\u00f6n toteuttamisesta sovellettavassa laissa s\u00e4\u00e4detyll\u00e4 perusteella.<\/p>\n<p><strong>Oikeus valittaa valvontaviranomaiselle<\/strong><\/p>\n<p>Jokaisella rekister\u00f6idyll\u00e4 on oikeus tehd\u00e4 valitus asianomaiselle valvontaviranomaiselle taikka sen Euroopan unionin j\u00e4senvaltion valvontaviranomaiselle, jossa rekister\u00f6idyn asuinpaikka tai ty\u00f6paikka sijaitsee, mik\u00e4li rekister\u00f6ity katsoo, ett\u00e4 h\u00e4nen henkil\u00f6tietojaan ei ole k\u00e4sitelty soveltuvan tietosuojalains\u00e4\u00e4d\u00e4nn\u00f6n mukaisesti.<\/p>\n<p><strong>Yhteydenotot<\/strong><\/p>\n<p>Rekister\u00f6idyn oikeuksien k\u00e4ytt\u00e4mist\u00e4 koskevat pyynn\u00f6t, kysymykset t\u00e4st\u00e4 tietosuojaselosteesta ja muut yhteydenotot tulee tehd\u00e4 s\u00e4hk\u00f6postitse osoitteeseen: sihteeri@sattanen.info<\/p>\n<p><strong>Muutokset t\u00e4h\u00e4n tietosuojaselosteeseen<\/strong><\/p>\n<p>T\u00e4t\u00e4 tietosuojaselostetta voidaan p\u00e4ivitt\u00e4\u00e4 aika ajoin esimerkiksi lains\u00e4\u00e4d\u00e4nn\u00f6n muuttuessa. T\u00e4m\u00e4 tietosuojaseloste on viimeksi p\u00e4ivitetty 01.11.2018.<\/p>\n","protected":false},"excerpt":{"rendered":"<p>Rekisterinpit\u00e4j\u00e4 ja yhteyshenkil\u00f6 Rekisterinpit\u00e4j\u00e4: Sattasen Kyl\u00e4seura ry Osoite: Kestikievarinpolku 19, 99650 Sattanen Puhelin: +358403578225 S\u00e4hk\u00f6posti: sihteeri@sattanen.info Yhteyshenkil\u00f6: Katja Sorri Rekister\u00f6idyt Rekisteriss\u00e4 k\u00e4sitell\u00e4\u00e4n Sattasen Kyl\u00e4seura ry:n j\u00e4senien ja yhdistyksen toimintaan liittyvien organisaatioiden yhteyshenkil\u00f6iden sek\u00e4 sen luottamushenkil\u00f6iden henkil\u00f6tietoja. Henkil\u00f6tietojen k\u00e4sittelyn peruste ja k\u00e4ytt\u00f6tarkoitus Rekisterin k\u00e4ytt\u00f6tarkoituksena on rekister\u00f6ityjen henkil\u00f6tietojen ajantasainen hallinta j\u00e4senyyden aikana, sen yll\u00e4pito ja kehitt\u00e4minen sek\u00e4&#8230;<\/p>\n","protected":false},"author":1,"featured_media":0,"parent":0,"menu_order":0,"comment_status":"closed","ping_status":"closed","template":"","meta":{"_kadence_starter_templates_imported_post":false,"_kad_post_transparent":"","_kad_post_title":"","_kad_post_layout":"","_kad_post_sidebar_id":"","_kad_post_content_style":"","_kad_post_vertical_padding":"","_kad_post_feature":"","_kad_post_feature_position":"","_kad_post_header":false,"_kad_post_footer":false,"_kad_post_classname":"","footnotes":""},"class_list":["post-708","page","type-page","status-publish","hentry"],"_links":{"self":[{"href":"https:\/\/sattanen.info\/wordpress\/index.php?rest_route=\/wp\/v2\/pages\/708","targetHints":{"allow":["GET"]}}],"collection":[{"href":"https:\/\/sattanen.info\/wordpress\/index.php?rest_route=\/wp\/v2\/pages"}],"about":[{"href":"https:\/\/sattanen.info\/wordpress\/index.php?rest_route=\/wp\/v2\/types\/page"}],"author":[{"embeddable":true,"href":"https:\/\/sattanen.info\/wordpress\/index.php?rest_route=\/wp\/v2\/users\/1"}],"replies":[{"embeddable":true,"href":"https:\/\/sattanen.info\/wordpress\/index.php?rest_route=%2Fwp%2Fv2%2Fcomments&post=708"}],"version-history":[{"count":1,"href":"https:\/\/sattanen.info\/wordpress\/index.php?rest_route=\/wp\/v2\/pages\/708\/revisions"}],"predecessor-version":[{"id":709,"href":"https:\/\/sattanen.info\/wordpress\/index.php?rest_route=\/wp\/v2\/pages\/708\/revisions\/709"}],"wp:attachment":[{"href":"https:\/\/sattanen.info\/wordpress\/index.php?rest_route=%2Fwp%2Fv2%2Fmedia&parent=708"}],"curies":[{"name":"wp","href":"https:\/\/api.w.org\/{rel}","templated":true}]}}