{"id":538,"date":"2017-05-14T11:52:24","date_gmt":"2017-05-14T11:52:24","guid":{"rendered":"http:\/\/sattanen.info\/wordpress\/?page_id=538"},"modified":"2018-03-10T12:57:24","modified_gmt":"2018-03-10T12:57:24","slug":"sakatti-seurantaryhma","status":"publish","type":"page","link":"https:\/\/sattanen.info\/wordpress\/?page_id=538","title":{"rendered":"Sakatti-seurantaryhm\u00e4"},"content":{"rendered":"<p>T\u00e4nne ker\u00e4t\u00e4\u00e4n Sakatti-seurantaryhm\u00e4n asiakirjat.<\/p>\n<ul>\n<li>Lausunto AA Sakatti Miningin Oy:n Sakatin monimetalliesiintym\u00e4n<br \/>\nkaivoshankeen ymp\u00e4rist\u00f6vaikutusten arviointiohjelmasta. <a href=\"https:\/\/sattanen.info\/wordpress\/wp-content\/uploads\/2018\/03\/Lapin-Elinkeino-10.3.2018.pdf\" target=\"_blank\" rel=\"noopener\">Lapin Elinkeino 10.3.2018<\/a><\/li>\n<\/ul>\n","protected":false},"excerpt":{"rendered":"<p>T\u00e4nne ker\u00e4t\u00e4\u00e4n Sakatti-seurantaryhm\u00e4n asiakirjat. Lausunto AA Sakatti Miningin Oy:n Sakatin monimetalliesiintym\u00e4n kaivoshankeen ymp\u00e4rist\u00f6vaikutusten arviointiohjelmasta. Lapin Elinkeino 10.3.2018<\/p>\n","protected":false},"author":1,"featured_media":0,"parent":0,"menu_order":0,"comment_status":"closed","ping_status":"closed","template":"","meta":{"_kadence_starter_templates_imported_post":false,"_kad_post_transparent":"","_kad_post_title":"","_kad_post_layout":"","_kad_post_sidebar_id":"","_kad_post_content_style":"","_kad_post_vertical_padding":"","_kad_post_feature":"","_kad_post_feature_position":"","_kad_post_header":false,"_kad_post_footer":false,"_kad_post_classname":"","footnotes":""},"class_list":["post-538","page","type-page","status-publish","hentry"],"_links":{"self":[{"href":"https:\/\/sattanen.info\/wordpress\/index.php?rest_route=\/wp\/v2\/pages\/538","targetHints":{"allow":["GET"]}}],"collection":[{"href":"https:\/\/sattanen.info\/wordpress\/index.php?rest_route=\/wp\/v2\/pages"}],"about":[{"href":"https:\/\/sattanen.info\/wordpress\/index.php?rest_route=\/wp\/v2\/types\/page"}],"author":[{"embeddable":true,"href":"https:\/\/sattanen.info\/wordpress\/index.php?rest_route=\/wp\/v2\/users\/1"}],"replies":[{"embeddable":true,"href":"https:\/\/sattanen.info\/wordpress\/index.php?rest_route=%2Fwp%2Fv2%2Fcomments&post=538"}],"version-history":[{"count":3,"href":"https:\/\/sattanen.info\/wordpress\/index.php?rest_route=\/wp\/v2\/pages\/538\/revisions"}],"predecessor-version":[{"id":617,"href":"https:\/\/sattanen.info\/wordpress\/index.php?rest_route=\/wp\/v2\/pages\/538\/revisions\/617"}],"wp:attachment":[{"href":"https:\/\/sattanen.info\/wordpress\/index.php?rest_route=%2Fwp%2Fv2%2Fmedia&parent=538"}],"curies":[{"name":"wp","href":"https:\/\/api.w.org\/{rel}","templated":true}]}}