{"id":428,"date":"2017-02-11T12:42:14","date_gmt":"2017-02-11T12:42:14","guid":{"rendered":"http:\/\/sattanen.info\/wordpress\/?page_id=428"},"modified":"2017-02-11T12:49:42","modified_gmt":"2017-02-11T12:49:42","slug":"palvelut","status":"publish","type":"page","link":"https:\/\/sattanen.info\/wordpress\/?page_id=428","title":{"rendered":"Palvelut"},"content":{"rendered":"<p>Ohessa taulukko sattaslaisista yrityksist\u00e4 ja palveluista. Osa yrityksist\u00e4 toimii muualla kuin Sattasessa.<\/p>\n\n<table id=\"tablepress-1\" class=\"tablepress tablepress-id-1\">\n<thead>\n<tr class=\"row-1\">\n\t<th class=\"column-1\">Yrityksen nimi<\/th><th class=\"column-2\">Toimiala\/palvelu<\/th><th class=\"column-3\">Yhteystiedot<\/th>\n<\/tr>\n<\/thead>\n<tbody class=\"row-striping row-hover\">\n<tr class=\"row-2\">\n\t<td class=\"column-1\"><\/td><td class=\"column-2\"><\/td><td class=\"column-3\"><\/td>\n<\/tr>\n<tr class=\"row-3\">\n\t<td class=\"column-1\">Askon oksA<\/td><td class=\"column-2\">Polttopuut<\/td><td class=\"column-3\">Koppelotieva 28 99650 Sattanen<\/td>\n<\/tr>\n<tr class=\"row-4\">\n\t<td class=\"column-1\">Lapin Gourmetkokit<\/td><td class=\"column-2\">Pitopalvelu<\/td><td class=\"column-3\">Puh. 0400-193871<\/td>\n<\/tr>\n<tr class=\"row-5\">\n\t<td class=\"column-1\">J.Kuukasj\u00e4rvi Oy<\/td><td class=\"column-2\">Kaivinkoneurakointi<\/td><td class=\"column-3\">M\u00e4ntysentie 13 99650 Sattanen<\/td>\n<\/tr>\n<tr class=\"row-6\">\n\t<td class=\"column-1\"><\/td><td class=\"column-2\"><\/td><td class=\"column-3\">Puh. 016-638649<\/td>\n<\/tr>\n<tr class=\"row-7\">\n\t<td class=\"column-1\">J. Norberg Oy<\/td><td class=\"column-2\">Maansiirto<\/td><td class=\"column-3\">Puljunharjuntie 97 99650 Sattanen<\/td>\n<\/tr>\n<tr class=\"row-8\">\n\t<td class=\"column-1\"><\/td><td class=\"column-2\"><\/td><td class=\"column-3\">Puh. 0400-495172<\/td>\n<\/tr>\n<tr class=\"row-9\">\n\t<td class=\"column-1\">Jasimo Oy<\/td><td class=\"column-2\">Maanrakennus<\/td><td class=\"column-3\">Ketoranta 11 99650 Sattanen, <\/td>\n<\/tr>\n<tr class=\"row-10\">\n\t<td class=\"column-1\"><\/td><td class=\"column-2\"><\/td><td class=\"column-3\">Puh. 016- 638720, 0400-380230<\/td>\n<\/tr>\n<tr class=\"row-11\">\n\t<td class=\"column-1\"><\/td><td class=\"column-2\"><\/td><td class=\"column-3\">Fax. 016- 638720<\/td>\n<\/tr>\n<tr class=\"row-12\">\n\t<td class=\"column-1\"><\/td><td class=\"column-2\"><\/td><td class=\"column-3\">janne.simontaival ( at ) pp.inet.fi<\/td>\n<\/tr>\n<tr class=\"row-13\">\n\t<td class=\"column-1\"><\/td><td class=\"column-2\"><\/td><td class=\"column-3\">http:\/\/www.jasimo.net<\/td>\n<\/tr>\n<tr class=\"row-14\">\n\t<td class=\"column-1\">Jbus Oy<\/td><td class=\"column-2\">Taksi, henkil\u00f6liikenne<\/td><td class=\"column-3\">Sattasentie 378 99650 Sattanen<\/td>\n<\/tr>\n<tr class=\"row-15\">\n\t<td class=\"column-1\"><\/td><td class=\"column-2\"><\/td><td class=\"column-3\">Puh. 016-638690<\/td>\n<\/tr>\n<tr class=\"row-16\">\n\t<td class=\"column-1\">Keski-Lapin S\u00e4hk\u00f6 Oy<\/td><td class=\"column-2\">S\u00e4hk\u00f6ty\u00f6t, atk-verkot<\/td><td class=\"column-3\">Sattaskuja 22 99650 Sattanen<\/td>\n<\/tr>\n<tr class=\"row-17\">\n\t<td class=\"column-1\"><\/td><td class=\"column-2\"><\/td><td class=\"column-3\">Puh. 040-8202667<\/td>\n<\/tr>\n<tr class=\"row-18\">\n\t<td class=\"column-1\"><\/td><td class=\"column-2\"><\/td><td class=\"column-3\">ville.lehmusvuo(at)keskilapinsahko.fi<\/td>\n<\/tr>\n<tr class=\"row-19\">\n\t<td class=\"column-1\"><\/td><td class=\"column-2\"><\/td><td class=\"column-3\">www.keskilapinsahko.fi<\/td>\n<\/tr>\n<tr class=\"row-20\">\n\t<td class=\"column-1\">Kotimajoitus Homestay<\/td><td class=\"column-2\">Lyhytaikaista kotimajoitusta aamiaispalvelulla.<\/td><td class=\"column-3\">kotimajoitus.homestay@gmail.com<\/td>\n<\/tr>\n<tr class=\"row-21\">\n\t<td class=\"column-1\"><\/td><td class=\"column-2\"><\/td><td class=\"column-3\">http:\/\/www.kotimajoitushomestay.fi<\/td>\n<\/tr>\n<tr class=\"row-22\">\n\t<td class=\"column-1\"><\/td><td class=\"column-2\"><\/td><td class=\"column-3\">Sattasentie 363 99650 Sattanen<\/td>\n<\/tr>\n<tr class=\"row-23\">\n\t<td class=\"column-1\"><\/td><td class=\"column-2\"><\/td><td class=\"column-3\">Puh. +358 40 7242712, +358 40 5677876<\/td>\n<\/tr>\n<tr class=\"row-24\">\n\t<td class=\"column-1\">Lapin Kalamatkat Ky<\/td><td class=\"column-2\">Kalastus<\/td><td class=\"column-3\">Ivalontie 1377 A 99650 Sattanen<\/td>\n<\/tr>\n<tr class=\"row-25\">\n\t<td class=\"column-1\"><\/td><td class=\"column-2\"><\/td><td class=\"column-3\">Puh. 016-12388<\/td>\n<\/tr>\n<tr class=\"row-26\">\n\t<td class=\"column-1\">Lapin Mustikka Oy<\/td><td class=\"column-2\"><\/td><td class=\"column-3\">Sattaskuja 14 99650 Sattanen<\/td>\n<\/tr>\n<tr class=\"row-27\">\n\t<td class=\"column-1\"><\/td><td class=\"column-2\"><\/td><td class=\"column-3\">Puh. 040-7648622<\/td>\n<\/tr>\n<tr class=\"row-28\">\n\t<td class=\"column-1\">Moreenity\u00f6 M\u00e4cklin Oy<\/td><td class=\"column-2\">Malminetsint\u00e4<\/td><td class=\"column-3\">Ketoranta 11 99650 Sattanen<\/td>\n<\/tr>\n<tr class=\"row-29\">\n\t<td class=\"column-1\">Parturi-kampaamo Teija Granroth<\/td><td class=\"column-2\">Parturi, kampaaja<\/td><td class=\"column-3\">Unarintie 13 B 6 99600 Sodankyl\u00e4<\/td>\n<\/tr>\n<tr class=\"row-30\">\n\t<td class=\"column-1\"><\/td><td class=\"column-2\"><\/td><td class=\"column-3\">Puh. 016-612250<\/td>\n<\/tr>\n<tr class=\"row-31\">\n\t<td class=\"column-1\">Puusep\u00e4nverstas Juhani Heikkil\u00e4<\/td><td class=\"column-2\">Puusepp\u00e4<\/td><td class=\"column-3\">Kyyn\u00e4skieppi 7 99650 Sattanen<\/td>\n<\/tr>\n<tr class=\"row-32\">\n\t<td class=\"column-1\"><\/td><td class=\"column-2\"><\/td><td class=\"column-3\">Puh. 016-638718<\/td>\n<\/tr>\n<tr class=\"row-33\">\n\t<td class=\"column-1\">Sattasen py\u00f6r\u00f6hirsi Ky<\/td><td class=\"column-2\">Puutavaraa, hirsikehikot<\/td><td class=\"column-3\">Rajalantie 574 99655 Sattasvaara<\/td>\n<\/tr>\n<tr class=\"row-34\">\n\t<td class=\"column-1\"><\/td><td class=\"column-2\"><\/td><td class=\"column-3\">Puh. 0400-161318<\/td>\n<\/tr>\n<tr class=\"row-35\">\n\t<td class=\"column-1\">Sodankyl\u00e4n Siivouspalvelu<\/td><td class=\"column-2\">Siivous<\/td><td class=\"column-3\">Ivalontie 1509 99650 Sattanen<\/td>\n<\/tr>\n<tr class=\"row-36\">\n\t<td class=\"column-1\">Taksi ja Maansiirtoliike Norberg<\/td><td class=\"column-2\">Taksi ja maansiirtopalvelut<\/td><td class=\"column-3\">Sattaskuja 1 99650 Sattanen<\/td>\n<\/tr>\n<tr class=\"row-37\">\n\t<td class=\"column-1\"><\/td><td class=\"column-2\"><\/td><td class=\"column-3\">Puh. 0400-397838<\/td>\n<\/tr>\n<tr class=\"row-38\">\n\t<td class=\"column-1\">Tmi Seppo M\u00e4\u00e4tt\u00e4<\/td><td class=\"column-2\">Metsurity\u00f6t<\/td><td class=\"column-3\">Ivalontie 1509 C Hietakangas 99650 Sattanen<\/td>\n<\/tr>\n<tr class=\"row-39\">\n\t<td class=\"column-1\"><\/td><td class=\"column-2\"><\/td><td class=\"column-3\">Puh. 016-638713<\/td>\n<\/tr>\n<tr class=\"row-40\">\n\t<td class=\"column-1\">Tuula Lampela<\/td><td class=\"column-2\">Valokuvaus<\/td><td class=\"column-3\">Puh. 040-610000<\/td>\n<\/tr>\n<tr class=\"row-41\">\n\t<td class=\"column-1\">Urakointi S.Siirtola<\/td><td class=\"column-2\">Puunkorjuu, auraukset<\/td><td class=\"column-3\">Kyyn\u00e4skieppi 8 99650 Sattanen<\/td>\n<\/tr>\n<tr class=\"row-42\">\n\t<td class=\"column-1\"><\/td><td class=\"column-2\"><\/td><td class=\"column-3\">Puh. 0400-130327<\/td>\n<\/tr>\n<tr class=\"row-43\">\n\t<td class=\"column-1\">Veli-Matti Kiuru Oy<\/td><td class=\"column-2\">Tieliikenteen tavarankuljetus<\/td><td class=\"column-3\">Ppa1,Ollila 99600 Sodankyl\u00e4<\/td>\n<\/tr>\n<\/tbody>\n<\/table>\n<!-- #tablepress-1 from cache -->\n","protected":false},"excerpt":{"rendered":"<p>Ohessa taulukko sattaslaisista yrityksist\u00e4 ja palveluista. Osa yrityksist\u00e4 toimii muualla kuin Sattasessa.<\/p>\n","protected":false},"author":1,"featured_media":0,"parent":0,"menu_order":0,"comment_status":"closed","ping_status":"closed","template":"","meta":{"_kadence_starter_templates_imported_post":false,"_kad_post_transparent":"","_kad_post_title":"","_kad_post_layout":"","_kad_post_sidebar_id":"","_kad_post_content_style":"","_kad_post_vertical_padding":"","_kad_post_feature":"","_kad_post_feature_position":"","_kad_post_header":false,"_kad_post_footer":false,"_kad_post_classname":"","footnotes":""},"class_list":["post-428","page","type-page","status-publish","hentry"],"_links":{"self":[{"href":"https:\/\/sattanen.info\/wordpress\/index.php?rest_route=\/wp\/v2\/pages\/428","targetHints":{"allow":["GET"]}}],"collection":[{"href":"https:\/\/sattanen.info\/wordpress\/index.php?rest_route=\/wp\/v2\/pages"}],"about":[{"href":"https:\/\/sattanen.info\/wordpress\/index.php?rest_route=\/wp\/v2\/types\/page"}],"author":[{"embeddable":true,"href":"https:\/\/sattanen.info\/wordpress\/index.php?rest_route=\/wp\/v2\/users\/1"}],"replies":[{"embeddable":true,"href":"https:\/\/sattanen.info\/wordpress\/index.php?rest_route=%2Fwp%2Fv2%2Fcomments&post=428"}],"version-history":[{"count":3,"href":"https:\/\/sattanen.info\/wordpress\/index.php?rest_route=\/wp\/v2\/pages\/428\/revisions"}],"predecessor-version":[{"id":1065,"href":"https:\/\/sattanen.info\/wordpress\/index.php?rest_route=\/wp\/v2\/pages\/428\/revisions\/1065"}],"wp:attachment":[{"href":"https:\/\/sattanen.info\/wordpress\/index.php?rest_route=%2Fwp%2Fv2%2Fmedia&parent=428"}],"curies":[{"name":"wp","href":"https:\/\/api.w.org\/{rel}","templated":true}]}}