{"id":357,"date":"2017-01-29T08:30:24","date_gmt":"2017-01-29T08:30:24","guid":{"rendered":"http:\/\/sattanen.info\/wordpress\/?page_id=357"},"modified":"2017-08-24T08:14:47","modified_gmt":"2017-08-24T08:14:47","slug":"porokisat","status":"publish","type":"page","link":"https:\/\/sattanen.info\/wordpress\/?page_id=357","title":{"rendered":"Porokisat"},"content":{"rendered":"<p>Lainaus Sattanen Ajan Virrassa kirjasta (Kirj. Veli-Pekka Raunio): &#8221;Haipakka voittoon Sattasen porokisoissa. Sattasen kyl\u00e4toimikunta j\u00e4rjesti historiansa ensimm\u00e4iset porokisat Sattasessa p\u00e4\u00e4si\u00e4islauantaina. Porokilpailun voittajaksi ajoi palkisen Annu Autio Seppo Mikkolan omistamalla Haipakalla. Aika 1.27.7&#8221;<\/p>\n<p>N\u00e4ill\u00e4 sanoilla paikallislehti Sompio uutisoi 5.4.1986 Sattasen ensimm\u00e4isist\u00e4 porokisoista.<\/p>\n<p>Mikkolan Sepon Sattasessa aloittama kilpaporojen valmentaminen ja kilpailuttaminen tarttui nopeasti muihinkin poromiehiin ja n\u00e4in 2010-luvulla voidaan hyvin sanoa, ett\u00e4 Sattasessa on pitk\u00e4t perinteet porojen v\u00e4lisiss\u00e4 kisailuissa sivulajeineen. Porokisojen lajeiksi vakiintuivat hyvin nopeasti suopungin- ja nutukhan heitto. Alkuvaiheessa my\u00f6s pilkkikilpailut olivat oma osansa porokilpailuja, mutta nykyp\u00e4iv\u00e4n\u00e4 pilkkij\u00e4t ovat siirtyneet pit\u00e4m\u00e4\u00e4n kisoja omina tapahtumina.<\/p>\n<p>Hyvin tavallinen n\u00e4ky Puljunharjun voimalinjalla tai Pitk\u00e4nkoskenvaaran tiell\u00e4 on mies, kelekka ja hihnassa oleva h\u00e4rk\u00e4, jolle ruutia koparoihin haetaan Sadinojan varresta ja altaan j\u00e4\u00e4lt\u00e4.<\/p>\n<p>Porokisalajeihin on mahdollisuus osallistua suopungin- ja nutukhan heiton osalta ilman ett\u00e4 omistaisi poromerkki\u00e4 tai ainuttakaan poroa. Suopunginheitosta saat lis\u00e4tietoa Suopunginheitt\u00e4j\u00e4t ry:n Facebook-sivuilta<\/p>\n<p>Sattasessa on hyv\u00e4t puitteet porojen valmentamiselle ja oheislajien harjoittelemiselle. Taitoja p\u00e4\u00e4see mittaamaan kilpatovereiden kanssa viimeist\u00e4\u00e4n pitk\u00e4n\u00e4perjantaina kyl\u00e4n omissa kisoissa!<br \/>\nVideo porokisoista.<br \/>\n<figure class=\"wp-block-embed wp-block-embed-youtube is-type-video is-provider-youtube epyt-figure\"><div class=\"wp-block-embed__wrapper\"><iframe loading=\"lazy\"  id=\"_ytid_71739\"  width=\"1290\" height=\"726\"  data-origwidth=\"1290\" data-origheight=\"726\" src=\"https:\/\/www.youtube.com\/embed\/WxCXRb5LGGY?enablejsapi=1&autoplay=0&cc_load_policy=0&cc_lang_pref=&iv_load_policy=3&loop=0&rel=0&fs=1&playsinline=0&autohide=2&theme=dark&color=red&controls=1&disablekb=0&\" class=\"__youtube_prefs__  no-lazyload\" data-vol=\"50\"  title=\"YouTube player\"  allow=\"fullscreen; accelerometer; autoplay; clipboard-write; encrypted-media; gyroscope; picture-in-picture; web-share\" referrerpolicy=\"strict-origin-when-cross-origin\" allowfullscreen data-no-lazy=\"1\" data-skipgform_ajax_framebjll=\"\"><\/iframe><\/div><\/figure><\/p>\n<hr \/>\n<p>Information about Sattanen Reindeer Race in english.<\/p>\n<p>Traditional Sattanen reindeer race will be arranged at Easter every year. The race has been organized 31 times in Sattanen.\u00a0Reindeer racing is a popular and highly competitive sport in parts of Norway, Finland and Russia, where reindeers pullings sleds or skiers over the snow. In Sattanen there also will be arranged other traditional Lapland sports like the\u00a0 lasso-throwing competition. You can get more information about Sattanen and other reindeer races:<\/p>\n<ul>\n<li>Video <a href=\"https:\/\/www.youtube.com\/watch?v=WxCXRb5LGGY\" target=\"_blank\" rel=\"noopener\">Sattanen reindeer race<\/a><\/li>\n<li><a href=\"https:\/\/finland.fi\/life-society\/watching-rudolph-run-in-finnish-lapland\/\" target=\"_blank\" rel=\"noopener\">Watching Rudolph run<\/a> in Finnish Lapland<\/li>\n<li>Run Run Rudolph: <a href=\"http:\/\/www.atlasobscura.com\/articles\/reindeer-racing\" target=\"_blank\" rel=\"noopener\">The World of Reindeer Racing<\/a> by Allison Meier<\/li>\n<\/ul>\n<p>Here you can find <a href=\"http:\/\/www.livescience.com\/56310-reindeer-facts.html\" target=\"_blank\" rel=\"noopener\">facts about reindeers!<\/a><\/p>\n<p><img loading=\"lazy\" decoding=\"async\" class=\"size-medium wp-image-358 aligncenter\" src=\"https:\/\/sattanen.info\/wordpress\/wp-content\/uploads\/2017\/01\/sattasen_porokisat_2015_5_20150407_1511189703-1-300x225.jpg\" alt=\"\" width=\"300\" height=\"225\" srcset=\"https:\/\/sattanen.info\/wordpress\/wp-content\/uploads\/2017\/01\/sattasen_porokisat_2015_5_20150407_1511189703-1-300x225.jpg 300w, https:\/\/sattanen.info\/wordpress\/wp-content\/uploads\/2017\/01\/sattasen_porokisat_2015_5_20150407_1511189703-1-768x576.jpg 768w, https:\/\/sattanen.info\/wordpress\/wp-content\/uploads\/2017\/01\/sattasen_porokisat_2015_5_20150407_1511189703-1-1024x768.jpg 1024w\" sizes=\"auto, (max-width: 300px) 100vw, 300px\" \/><\/p>\n","protected":false},"excerpt":{"rendered":"<p>Lainaus Sattanen Ajan Virrassa kirjasta (Kirj. Veli-Pekka Raunio): &#8221;Haipakka voittoon Sattasen porokisoissa. Sattasen kyl\u00e4toimikunta j\u00e4rjesti historiansa ensimm\u00e4iset porokisat Sattasessa p\u00e4\u00e4si\u00e4islauantaina. Porokilpailun voittajaksi ajoi palkisen Annu Autio Seppo Mikkolan omistamalla Haipakalla. Aika 1.27.7&#8221; N\u00e4ill\u00e4 sanoilla paikallislehti Sompio uutisoi 5.4.1986 Sattasen ensimm\u00e4isist\u00e4 porokisoista. Mikkolan Sepon Sattasessa aloittama kilpaporojen valmentaminen ja kilpailuttaminen tarttui nopeasti muihinkin poromiehiin ja n\u00e4in&#8230;<\/p>\n","protected":false},"author":1,"featured_media":0,"parent":0,"menu_order":0,"comment_status":"closed","ping_status":"closed","template":"","meta":{"_kadence_starter_templates_imported_post":false,"_kad_post_transparent":"","_kad_post_title":"","_kad_post_layout":"","_kad_post_sidebar_id":"","_kad_post_content_style":"","_kad_post_vertical_padding":"","_kad_post_feature":"","_kad_post_feature_position":"","_kad_post_header":false,"_kad_post_footer":false,"_kad_post_classname":"","footnotes":""},"class_list":["post-357","page","type-page","status-publish","hentry"],"_links":{"self":[{"href":"https:\/\/sattanen.info\/wordpress\/index.php?rest_route=\/wp\/v2\/pages\/357","targetHints":{"allow":["GET"]}}],"collection":[{"href":"https:\/\/sattanen.info\/wordpress\/index.php?rest_route=\/wp\/v2\/pages"}],"about":[{"href":"https:\/\/sattanen.info\/wordpress\/index.php?rest_route=\/wp\/v2\/types\/page"}],"author":[{"embeddable":true,"href":"https:\/\/sattanen.info\/wordpress\/index.php?rest_route=\/wp\/v2\/users\/1"}],"replies":[{"embeddable":true,"href":"https:\/\/sattanen.info\/wordpress\/index.php?rest_route=%2Fwp%2Fv2%2Fcomments&post=357"}],"version-history":[{"count":4,"href":"https:\/\/sattanen.info\/wordpress\/index.php?rest_route=\/wp\/v2\/pages\/357\/revisions"}],"predecessor-version":[{"id":578,"href":"https:\/\/sattanen.info\/wordpress\/index.php?rest_route=\/wp\/v2\/pages\/357\/revisions\/578"}],"wp:attachment":[{"href":"https:\/\/sattanen.info\/wordpress\/index.php?rest_route=%2Fwp%2Fv2%2Fmedia&parent=357"}],"curies":[{"name":"wp","href":"https:\/\/api.w.org\/{rel}","templated":true}]}}