{"id":1549,"date":"2024-02-02T12:32:28","date_gmt":"2024-02-02T12:32:28","guid":{"rendered":"https:\/\/sattanen.info\/wordpress\/?page_id=1549"},"modified":"2024-02-02T12:32:29","modified_gmt":"2024-02-02T12:32:29","slug":"porokisat-2023","status":"publish","type":"page","link":"https:\/\/sattanen.info\/wordpress\/?page_id=1549","title":{"rendered":"Porokisat 2023"},"content":{"rendered":"\n<p class=\"has-medium-font-size\">Porokisakuvia l\u00f6ytyy my\u00f6s kyl\u00e4seuran <a rel=\"noreferrer noopener\" href=\"https:\/\/www.instagram.com\/sattakyla\/?hl=fi\" target=\"_blank\">Instagram-tililt\u00e4<\/a>. <\/p>\n\n\n\n<figure class=\"wp-block-gallery has-nested-images columns-default is-cropped wp-block-gallery-1 is-layout-flex wp-block-gallery-is-layout-flex\">\n<figure class=\"wp-block-image size-large\"><img loading=\"lazy\" decoding=\"async\" width=\"768\" height=\"1024\" data-id=\"1465\" src=\"https:\/\/sattanen.info\/wordpress\/wp-content\/uploads\/2023\/04\/IMG_20230407_123812-768x1024.jpg\" alt=\"\" class=\"wp-image-1465\" srcset=\"https:\/\/sattanen.info\/wordpress\/wp-content\/uploads\/2023\/04\/IMG_20230407_123812-768x1024.jpg 768w, https:\/\/sattanen.info\/wordpress\/wp-content\/uploads\/2023\/04\/IMG_20230407_123812-225x300.jpg 225w, https:\/\/sattanen.info\/wordpress\/wp-content\/uploads\/2023\/04\/IMG_20230407_123812-1152x1536.jpg 1152w, https:\/\/sattanen.info\/wordpress\/wp-content\/uploads\/2023\/04\/IMG_20230407_123812-1536x2048.jpg 1536w, https:\/\/sattanen.info\/wordpress\/wp-content\/uploads\/2023\/04\/IMG_20230407_123812-scaled.jpg 1920w\" sizes=\"auto, (max-width: 768px) 100vw, 768px\" \/><\/figure>\n\n\n\n<figure class=\"wp-block-image size-large\"><img loading=\"lazy\" decoding=\"async\" width=\"1024\" height=\"768\" data-id=\"1473\" src=\"https:\/\/sattanen.info\/wordpress\/wp-content\/uploads\/2023\/04\/IMG_20230407_124056-1024x768.jpg\" alt=\"\" class=\"wp-image-1473\" srcset=\"https:\/\/sattanen.info\/wordpress\/wp-content\/uploads\/2023\/04\/IMG_20230407_124056-1024x768.jpg 1024w, https:\/\/sattanen.info\/wordpress\/wp-content\/uploads\/2023\/04\/IMG_20230407_124056-300x225.jpg 300w, https:\/\/sattanen.info\/wordpress\/wp-content\/uploads\/2023\/04\/IMG_20230407_124056-768x576.jpg 768w, https:\/\/sattanen.info\/wordpress\/wp-content\/uploads\/2023\/04\/IMG_20230407_124056-1536x1152.jpg 1536w, https:\/\/sattanen.info\/wordpress\/wp-content\/uploads\/2023\/04\/IMG_20230407_124056-2048x1536.jpg 2048w\" sizes=\"auto, (max-width: 1024px) 100vw, 1024px\" \/><\/figure>\n\n\n\n<figure class=\"wp-block-image size-large\"><img loading=\"lazy\" decoding=\"async\" width=\"1024\" height=\"768\" data-id=\"1471\" src=\"https:\/\/sattanen.info\/wordpress\/wp-content\/uploads\/2023\/04\/IMG_20230407_124113-1024x768.jpg\" alt=\"\" class=\"wp-image-1471\" srcset=\"https:\/\/sattanen.info\/wordpress\/wp-content\/uploads\/2023\/04\/IMG_20230407_124113-1024x768.jpg 1024w, https:\/\/sattanen.info\/wordpress\/wp-content\/uploads\/2023\/04\/IMG_20230407_124113-300x225.jpg 300w, https:\/\/sattanen.info\/wordpress\/wp-content\/uploads\/2023\/04\/IMG_20230407_124113-768x576.jpg 768w, https:\/\/sattanen.info\/wordpress\/wp-content\/uploads\/2023\/04\/IMG_20230407_124113-1536x1152.jpg 1536w, https:\/\/sattanen.info\/wordpress\/wp-content\/uploads\/2023\/04\/IMG_20230407_124113-2048x1536.jpg 2048w\" sizes=\"auto, (max-width: 1024px) 100vw, 1024px\" \/><\/figure>\n\n\n\n<figure class=\"wp-block-image size-large\"><img loading=\"lazy\" decoding=\"async\" width=\"768\" height=\"1024\" data-id=\"1470\" src=\"https:\/\/sattanen.info\/wordpress\/wp-content\/uploads\/2023\/04\/IMG_20230407_124211-768x1024.jpg\" alt=\"\" class=\"wp-image-1470\" srcset=\"https:\/\/sattanen.info\/wordpress\/wp-content\/uploads\/2023\/04\/IMG_20230407_124211-768x1024.jpg 768w, https:\/\/sattanen.info\/wordpress\/wp-content\/uploads\/2023\/04\/IMG_20230407_124211-225x300.jpg 225w, https:\/\/sattanen.info\/wordpress\/wp-content\/uploads\/2023\/04\/IMG_20230407_124211-1152x1536.jpg 1152w, https:\/\/sattanen.info\/wordpress\/wp-content\/uploads\/2023\/04\/IMG_20230407_124211-1536x2048.jpg 1536w, https:\/\/sattanen.info\/wordpress\/wp-content\/uploads\/2023\/04\/IMG_20230407_124211-scaled.jpg 1920w\" sizes=\"auto, (max-width: 768px) 100vw, 768px\" \/><\/figure>\n\n\n\n<figure class=\"wp-block-image size-large\"><img loading=\"lazy\" decoding=\"async\" width=\"768\" height=\"1024\" data-id=\"1467\" src=\"https:\/\/sattanen.info\/wordpress\/wp-content\/uploads\/2023\/04\/IMG_20230407_124259-768x1024.jpg\" alt=\"\" class=\"wp-image-1467\" srcset=\"https:\/\/sattanen.info\/wordpress\/wp-content\/uploads\/2023\/04\/IMG_20230407_124259-768x1024.jpg 768w, https:\/\/sattanen.info\/wordpress\/wp-content\/uploads\/2023\/04\/IMG_20230407_124259-225x300.jpg 225w, https:\/\/sattanen.info\/wordpress\/wp-content\/uploads\/2023\/04\/IMG_20230407_124259-1152x1536.jpg 1152w, https:\/\/sattanen.info\/wordpress\/wp-content\/uploads\/2023\/04\/IMG_20230407_124259-1536x2048.jpg 1536w, https:\/\/sattanen.info\/wordpress\/wp-content\/uploads\/2023\/04\/IMG_20230407_124259-scaled.jpg 1920w\" sizes=\"auto, (max-width: 768px) 100vw, 768px\" \/><\/figure>\n\n\n\n<figure class=\"wp-block-image size-large\"><img loading=\"lazy\" decoding=\"async\" width=\"768\" height=\"1024\" data-id=\"1463\" src=\"https:\/\/sattanen.info\/wordpress\/wp-content\/uploads\/2023\/04\/IMG_20230407_124352-768x1024.jpg\" alt=\"\" class=\"wp-image-1463\" srcset=\"https:\/\/sattanen.info\/wordpress\/wp-content\/uploads\/2023\/04\/IMG_20230407_124352-768x1024.jpg 768w, https:\/\/sattanen.info\/wordpress\/wp-content\/uploads\/2023\/04\/IMG_20230407_124352-225x300.jpg 225w, https:\/\/sattanen.info\/wordpress\/wp-content\/uploads\/2023\/04\/IMG_20230407_124352-1152x1536.jpg 1152w, https:\/\/sattanen.info\/wordpress\/wp-content\/uploads\/2023\/04\/IMG_20230407_124352-1536x2048.jpg 1536w, https:\/\/sattanen.info\/wordpress\/wp-content\/uploads\/2023\/04\/IMG_20230407_124352-scaled.jpg 1920w\" sizes=\"auto, (max-width: 768px) 100vw, 768px\" \/><\/figure>\n\n\n\n<figure class=\"wp-block-image size-large\"><img loading=\"lazy\" decoding=\"async\" width=\"768\" height=\"1024\" data-id=\"1469\" src=\"https:\/\/sattanen.info\/wordpress\/wp-content\/uploads\/2023\/04\/IMG_20230407_124655-768x1024.jpg\" alt=\"\" class=\"wp-image-1469\" srcset=\"https:\/\/sattanen.info\/wordpress\/wp-content\/uploads\/2023\/04\/IMG_20230407_124655-768x1024.jpg 768w, https:\/\/sattanen.info\/wordpress\/wp-content\/uploads\/2023\/04\/IMG_20230407_124655-225x300.jpg 225w, https:\/\/sattanen.info\/wordpress\/wp-content\/uploads\/2023\/04\/IMG_20230407_124655-1152x1536.jpg 1152w, https:\/\/sattanen.info\/wordpress\/wp-content\/uploads\/2023\/04\/IMG_20230407_124655-1536x2048.jpg 1536w, https:\/\/sattanen.info\/wordpress\/wp-content\/uploads\/2023\/04\/IMG_20230407_124655-scaled.jpg 1920w\" sizes=\"auto, (max-width: 768px) 100vw, 768px\" \/><\/figure>\n\n\n\n<figure class=\"wp-block-image size-large\"><img loading=\"lazy\" decoding=\"async\" width=\"768\" height=\"1024\" data-id=\"1462\" src=\"https:\/\/sattanen.info\/wordpress\/wp-content\/uploads\/2023\/04\/IMG_20230407_125507-768x1024.jpg\" alt=\"\" class=\"wp-image-1462\" srcset=\"https:\/\/sattanen.info\/wordpress\/wp-content\/uploads\/2023\/04\/IMG_20230407_125507-768x1024.jpg 768w, https:\/\/sattanen.info\/wordpress\/wp-content\/uploads\/2023\/04\/IMG_20230407_125507-225x300.jpg 225w, https:\/\/sattanen.info\/wordpress\/wp-content\/uploads\/2023\/04\/IMG_20230407_125507-1152x1536.jpg 1152w, https:\/\/sattanen.info\/wordpress\/wp-content\/uploads\/2023\/04\/IMG_20230407_125507-1536x2048.jpg 1536w, https:\/\/sattanen.info\/wordpress\/wp-content\/uploads\/2023\/04\/IMG_20230407_125507-scaled.jpg 1920w\" sizes=\"auto, (max-width: 768px) 100vw, 768px\" \/><\/figure>\n\n\n\n<figure class=\"wp-block-image size-large\"><img loading=\"lazy\" decoding=\"async\" width=\"768\" height=\"1024\" data-id=\"1468\" src=\"https:\/\/sattanen.info\/wordpress\/wp-content\/uploads\/2023\/04\/IMG_20230407_125533-768x1024.jpg\" alt=\"\" class=\"wp-image-1468\" srcset=\"https:\/\/sattanen.info\/wordpress\/wp-content\/uploads\/2023\/04\/IMG_20230407_125533-768x1024.jpg 768w, https:\/\/sattanen.info\/wordpress\/wp-content\/uploads\/2023\/04\/IMG_20230407_125533-225x300.jpg 225w, https:\/\/sattanen.info\/wordpress\/wp-content\/uploads\/2023\/04\/IMG_20230407_125533-1152x1536.jpg 1152w, https:\/\/sattanen.info\/wordpress\/wp-content\/uploads\/2023\/04\/IMG_20230407_125533-1536x2048.jpg 1536w, https:\/\/sattanen.info\/wordpress\/wp-content\/uploads\/2023\/04\/IMG_20230407_125533-scaled.jpg 1920w\" sizes=\"auto, (max-width: 768px) 100vw, 768px\" \/><\/figure>\n\n\n\n<figure class=\"wp-block-image size-large\"><img loading=\"lazy\" decoding=\"async\" width=\"768\" height=\"1024\" data-id=\"1472\" src=\"https:\/\/sattanen.info\/wordpress\/wp-content\/uploads\/2023\/04\/IMG_20230407_132812-768x1024.jpg\" alt=\"\" class=\"wp-image-1472\" srcset=\"https:\/\/sattanen.info\/wordpress\/wp-content\/uploads\/2023\/04\/IMG_20230407_132812-768x1024.jpg 768w, https:\/\/sattanen.info\/wordpress\/wp-content\/uploads\/2023\/04\/IMG_20230407_132812-225x300.jpg 225w, https:\/\/sattanen.info\/wordpress\/wp-content\/uploads\/2023\/04\/IMG_20230407_132812-1152x1536.jpg 1152w, https:\/\/sattanen.info\/wordpress\/wp-content\/uploads\/2023\/04\/IMG_20230407_132812-1536x2048.jpg 1536w, https:\/\/sattanen.info\/wordpress\/wp-content\/uploads\/2023\/04\/IMG_20230407_132812-scaled.jpg 1920w\" sizes=\"auto, (max-width: 768px) 100vw, 768px\" \/><\/figure>\n\n\n\n<figure class=\"wp-block-image size-large\"><img loading=\"lazy\" decoding=\"async\" width=\"768\" height=\"1024\" data-id=\"1466\" src=\"https:\/\/sattanen.info\/wordpress\/wp-content\/uploads\/2023\/04\/IMG_20230407_133707-768x1024.jpg\" alt=\"\" class=\"wp-image-1466\" srcset=\"https:\/\/sattanen.info\/wordpress\/wp-content\/uploads\/2023\/04\/IMG_20230407_133707-768x1024.jpg 768w, https:\/\/sattanen.info\/wordpress\/wp-content\/uploads\/2023\/04\/IMG_20230407_133707-225x300.jpg 225w, https:\/\/sattanen.info\/wordpress\/wp-content\/uploads\/2023\/04\/IMG_20230407_133707-1152x1536.jpg 1152w, https:\/\/sattanen.info\/wordpress\/wp-content\/uploads\/2023\/04\/IMG_20230407_133707-1536x2048.jpg 1536w, https:\/\/sattanen.info\/wordpress\/wp-content\/uploads\/2023\/04\/IMG_20230407_133707-scaled.jpg 1920w\" sizes=\"auto, (max-width: 768px) 100vw, 768px\" \/><\/figure>\n\n\n\n<figure class=\"wp-block-image size-large\"><img loading=\"lazy\" decoding=\"async\" width=\"768\" height=\"1024\" data-id=\"1464\" src=\"https:\/\/sattanen.info\/wordpress\/wp-content\/uploads\/2023\/04\/IMG_20230407_140200-768x1024.jpg\" alt=\"\" class=\"wp-image-1464\" srcset=\"https:\/\/sattanen.info\/wordpress\/wp-content\/uploads\/2023\/04\/IMG_20230407_140200-768x1024.jpg 768w, https:\/\/sattanen.info\/wordpress\/wp-content\/uploads\/2023\/04\/IMG_20230407_140200-225x300.jpg 225w, https:\/\/sattanen.info\/wordpress\/wp-content\/uploads\/2023\/04\/IMG_20230407_140200-1152x1536.jpg 1152w, https:\/\/sattanen.info\/wordpress\/wp-content\/uploads\/2023\/04\/IMG_20230407_140200-1536x2048.jpg 1536w, https:\/\/sattanen.info\/wordpress\/wp-content\/uploads\/2023\/04\/IMG_20230407_140200-scaled.jpg 1920w\" sizes=\"auto, (max-width: 768px) 100vw, 768px\" \/><\/figure>\n<\/figure>\n\n\n\n<p><\/p>\n\n\n\n<p class=\"has-medium-font-size\">Seuraavat kuvat Reijo Ailasmaa.<\/p>\n\n\n\n<figure class=\"wp-block-gallery has-nested-images columns-default is-cropped wp-block-gallery-2 is-layout-flex wp-block-gallery-is-layout-flex\">\n<figure class=\"wp-block-image size-large\"><img loading=\"lazy\" decoding=\"async\" width=\"1024\" height=\"716\" data-id=\"1487\" src=\"https:\/\/sattanen.info\/wordpress\/wp-content\/uploads\/2023\/04\/DJI_0379-Edit-Edit-pieni-1-1024x716.jpg\" alt=\"\" class=\"wp-image-1487\" srcset=\"https:\/\/sattanen.info\/wordpress\/wp-content\/uploads\/2023\/04\/DJI_0379-Edit-Edit-pieni-1-1024x716.jpg 1024w, https:\/\/sattanen.info\/wordpress\/wp-content\/uploads\/2023\/04\/DJI_0379-Edit-Edit-pieni-1-300x210.jpg 300w, https:\/\/sattanen.info\/wordpress\/wp-content\/uploads\/2023\/04\/DJI_0379-Edit-Edit-pieni-1-768x537.jpg 768w, https:\/\/sattanen.info\/wordpress\/wp-content\/uploads\/2023\/04\/DJI_0379-Edit-Edit-pieni-1-1536x1074.jpg 1536w, https:\/\/sattanen.info\/wordpress\/wp-content\/uploads\/2023\/04\/DJI_0379-Edit-Edit-pieni-1-2048x1432.jpg 2048w\" sizes=\"auto, (max-width: 1024px) 100vw, 1024px\" \/><\/figure>\n\n\n\n<figure class=\"wp-block-image size-large\"><img loading=\"lazy\" decoding=\"async\" width=\"1024\" height=\"767\" data-id=\"1486\" src=\"https:\/\/sattanen.info\/wordpress\/wp-content\/uploads\/2023\/04\/DSC_2588-Edit-pieni-1-1024x767.jpg\" alt=\"\" class=\"wp-image-1486\" srcset=\"https:\/\/sattanen.info\/wordpress\/wp-content\/uploads\/2023\/04\/DSC_2588-Edit-pieni-1-1024x767.jpg 1024w, https:\/\/sattanen.info\/wordpress\/wp-content\/uploads\/2023\/04\/DSC_2588-Edit-pieni-1-300x225.jpg 300w, https:\/\/sattanen.info\/wordpress\/wp-content\/uploads\/2023\/04\/DSC_2588-Edit-pieni-1-768x575.jpg 768w, https:\/\/sattanen.info\/wordpress\/wp-content\/uploads\/2023\/04\/DSC_2588-Edit-pieni-1-1536x1150.jpg 1536w, https:\/\/sattanen.info\/wordpress\/wp-content\/uploads\/2023\/04\/DSC_2588-Edit-pieni-1-2048x1533.jpg 2048w\" sizes=\"auto, (max-width: 1024px) 100vw, 1024px\" \/><\/figure>\n\n\n\n<figure class=\"wp-block-image size-large\"><img loading=\"lazy\" decoding=\"async\" width=\"1024\" height=\"1024\" data-id=\"1489\" src=\"https:\/\/sattanen.info\/wordpress\/wp-content\/uploads\/2023\/04\/DSC_2662-pieni-1-1024x1024.jpg\" alt=\"\" class=\"wp-image-1489\" srcset=\"https:\/\/sattanen.info\/wordpress\/wp-content\/uploads\/2023\/04\/DSC_2662-pieni-1-1024x1024.jpg 1024w, https:\/\/sattanen.info\/wordpress\/wp-content\/uploads\/2023\/04\/DSC_2662-pieni-1-300x300.jpg 300w, https:\/\/sattanen.info\/wordpress\/wp-content\/uploads\/2023\/04\/DSC_2662-pieni-1-150x150.jpg 150w, https:\/\/sattanen.info\/wordpress\/wp-content\/uploads\/2023\/04\/DSC_2662-pieni-1-768x768.jpg 768w, https:\/\/sattanen.info\/wordpress\/wp-content\/uploads\/2023\/04\/DSC_2662-pieni-1-1536x1536.jpg 1536w, https:\/\/sattanen.info\/wordpress\/wp-content\/uploads\/2023\/04\/DSC_2662-pieni-1-2048x2048.jpg 2048w\" sizes=\"auto, (max-width: 1024px) 100vw, 1024px\" \/><\/figure>\n\n\n\n<figure class=\"wp-block-image size-large\"><img loading=\"lazy\" decoding=\"async\" width=\"1024\" height=\"812\" data-id=\"1493\" src=\"https:\/\/sattanen.info\/wordpress\/wp-content\/uploads\/2023\/04\/DSC_2667-pieni-1-1024x812.jpg\" alt=\"\" class=\"wp-image-1493\" srcset=\"https:\/\/sattanen.info\/wordpress\/wp-content\/uploads\/2023\/04\/DSC_2667-pieni-1-1024x812.jpg 1024w, https:\/\/sattanen.info\/wordpress\/wp-content\/uploads\/2023\/04\/DSC_2667-pieni-1-300x238.jpg 300w, https:\/\/sattanen.info\/wordpress\/wp-content\/uploads\/2023\/04\/DSC_2667-pieni-1-768x609.jpg 768w, https:\/\/sattanen.info\/wordpress\/wp-content\/uploads\/2023\/04\/DSC_2667-pieni-1-1536x1218.jpg 1536w, https:\/\/sattanen.info\/wordpress\/wp-content\/uploads\/2023\/04\/DSC_2667-pieni-1-2048x1624.jpg 2048w\" sizes=\"auto, (max-width: 1024px) 100vw, 1024px\" \/><\/figure>\n\n\n\n<figure class=\"wp-block-image size-large\"><img loading=\"lazy\" decoding=\"async\" width=\"878\" height=\"1024\" data-id=\"1495\" src=\"https:\/\/sattanen.info\/wordpress\/wp-content\/uploads\/2023\/04\/DSC_2668-1-878x1024.jpg\" alt=\"\" class=\"wp-image-1495\" srcset=\"https:\/\/sattanen.info\/wordpress\/wp-content\/uploads\/2023\/04\/DSC_2668-1-878x1024.jpg 878w, https:\/\/sattanen.info\/wordpress\/wp-content\/uploads\/2023\/04\/DSC_2668-1-257x300.jpg 257w, https:\/\/sattanen.info\/wordpress\/wp-content\/uploads\/2023\/04\/DSC_2668-1-768x895.jpg 768w, https:\/\/sattanen.info\/wordpress\/wp-content\/uploads\/2023\/04\/DSC_2668-1-1317x1536.jpg 1317w, https:\/\/sattanen.info\/wordpress\/wp-content\/uploads\/2023\/04\/DSC_2668-1-1757x2048.jpg 1757w\" sizes=\"auto, (max-width: 878px) 100vw, 878px\" \/><\/figure>\n\n\n\n<figure class=\"wp-block-image size-large\"><img loading=\"lazy\" decoding=\"async\" width=\"1024\" height=\"649\" data-id=\"1488\" src=\"https:\/\/sattanen.info\/wordpress\/wp-content\/uploads\/2023\/04\/DSC_4698-2-pieni-1-1024x649.jpg\" alt=\"\" class=\"wp-image-1488\" srcset=\"https:\/\/sattanen.info\/wordpress\/wp-content\/uploads\/2023\/04\/DSC_4698-2-pieni-1-1024x649.jpg 1024w, https:\/\/sattanen.info\/wordpress\/wp-content\/uploads\/2023\/04\/DSC_4698-2-pieni-1-300x190.jpg 300w, https:\/\/sattanen.info\/wordpress\/wp-content\/uploads\/2023\/04\/DSC_4698-2-pieni-1-768x487.jpg 768w, https:\/\/sattanen.info\/wordpress\/wp-content\/uploads\/2023\/04\/DSC_4698-2-pieni-1-1536x974.jpg 1536w, https:\/\/sattanen.info\/wordpress\/wp-content\/uploads\/2023\/04\/DSC_4698-2-pieni-1-2048x1298.jpg 2048w\" sizes=\"auto, (max-width: 1024px) 100vw, 1024px\" \/><\/figure>\n\n\n\n<figure class=\"wp-block-image size-large\"><img loading=\"lazy\" decoding=\"async\" width=\"1024\" height=\"656\" data-id=\"1492\" src=\"https:\/\/sattanen.info\/wordpress\/wp-content\/uploads\/2023\/04\/DSC_4710-pieni-1-1024x656.jpg\" alt=\"\" class=\"wp-image-1492\" srcset=\"https:\/\/sattanen.info\/wordpress\/wp-content\/uploads\/2023\/04\/DSC_4710-pieni-1-1024x656.jpg 1024w, https:\/\/sattanen.info\/wordpress\/wp-content\/uploads\/2023\/04\/DSC_4710-pieni-1-300x192.jpg 300w, https:\/\/sattanen.info\/wordpress\/wp-content\/uploads\/2023\/04\/DSC_4710-pieni-1-768x492.jpg 768w, https:\/\/sattanen.info\/wordpress\/wp-content\/uploads\/2023\/04\/DSC_4710-pieni-1-1536x984.jpg 1536w, https:\/\/sattanen.info\/wordpress\/wp-content\/uploads\/2023\/04\/DSC_4710-pieni-1-2048x1313.jpg 2048w\" sizes=\"auto, (max-width: 1024px) 100vw, 1024px\" \/><\/figure>\n\n\n\n<figure class=\"wp-block-image size-large\"><img loading=\"lazy\" decoding=\"async\" width=\"1024\" height=\"902\" data-id=\"1490\" src=\"https:\/\/sattanen.info\/wordpress\/wp-content\/uploads\/2023\/04\/DSC_4752-pieni-1-1024x902.jpg\" alt=\"\" class=\"wp-image-1490\" srcset=\"https:\/\/sattanen.info\/wordpress\/wp-content\/uploads\/2023\/04\/DSC_4752-pieni-1-1024x902.jpg 1024w, https:\/\/sattanen.info\/wordpress\/wp-content\/uploads\/2023\/04\/DSC_4752-pieni-1-300x264.jpg 300w, https:\/\/sattanen.info\/wordpress\/wp-content\/uploads\/2023\/04\/DSC_4752-pieni-1-768x677.jpg 768w, https:\/\/sattanen.info\/wordpress\/wp-content\/uploads\/2023\/04\/DSC_4752-pieni-1-1536x1353.jpg 1536w, https:\/\/sattanen.info\/wordpress\/wp-content\/uploads\/2023\/04\/DSC_4752-pieni-1-2048x1804.jpg 2048w\" sizes=\"auto, (max-width: 1024px) 100vw, 1024px\" \/><\/figure>\n\n\n\n<figure class=\"wp-block-image size-large\"><img loading=\"lazy\" decoding=\"async\" width=\"1024\" height=\"698\" data-id=\"1494\" src=\"https:\/\/sattanen.info\/wordpress\/wp-content\/uploads\/2023\/04\/DSC_4756-Edit-pieni-1-1024x698.jpg\" alt=\"\" class=\"wp-image-1494\" srcset=\"https:\/\/sattanen.info\/wordpress\/wp-content\/uploads\/2023\/04\/DSC_4756-Edit-pieni-1-1024x698.jpg 1024w, https:\/\/sattanen.info\/wordpress\/wp-content\/uploads\/2023\/04\/DSC_4756-Edit-pieni-1-300x205.jpg 300w, https:\/\/sattanen.info\/wordpress\/wp-content\/uploads\/2023\/04\/DSC_4756-Edit-pieni-1-768x524.jpg 768w, https:\/\/sattanen.info\/wordpress\/wp-content\/uploads\/2023\/04\/DSC_4756-Edit-pieni-1-1536x1048.jpg 1536w, https:\/\/sattanen.info\/wordpress\/wp-content\/uploads\/2023\/04\/DSC_4756-Edit-pieni-1-2048x1397.jpg 2048w\" sizes=\"auto, (max-width: 1024px) 100vw, 1024px\" \/><\/figure>\n\n\n\n<figure class=\"wp-block-image size-large\"><img loading=\"lazy\" decoding=\"async\" width=\"1024\" height=\"677\" data-id=\"1485\" src=\"https:\/\/sattanen.info\/wordpress\/wp-content\/uploads\/2023\/04\/DSC_4814-pieni-1-1024x677.jpg\" alt=\"\" class=\"wp-image-1485\" srcset=\"https:\/\/sattanen.info\/wordpress\/wp-content\/uploads\/2023\/04\/DSC_4814-pieni-1-1024x677.jpg 1024w, https:\/\/sattanen.info\/wordpress\/wp-content\/uploads\/2023\/04\/DSC_4814-pieni-1-300x198.jpg 300w, https:\/\/sattanen.info\/wordpress\/wp-content\/uploads\/2023\/04\/DSC_4814-pieni-1-768x507.jpg 768w, https:\/\/sattanen.info\/wordpress\/wp-content\/uploads\/2023\/04\/DSC_4814-pieni-1-1536x1015.jpg 1536w, https:\/\/sattanen.info\/wordpress\/wp-content\/uploads\/2023\/04\/DSC_4814-pieni-1-2048x1353.jpg 2048w\" sizes=\"auto, (max-width: 1024px) 100vw, 1024px\" \/><\/figure>\n\n\n\n<figure class=\"wp-block-image size-large\"><img loading=\"lazy\" decoding=\"async\" width=\"709\" height=\"1024\" data-id=\"1484\" src=\"https:\/\/sattanen.info\/wordpress\/wp-content\/uploads\/2023\/04\/III-sija-709x1024.jpg\" alt=\"\" class=\"wp-image-1484\" srcset=\"https:\/\/sattanen.info\/wordpress\/wp-content\/uploads\/2023\/04\/III-sija-709x1024.jpg 709w, https:\/\/sattanen.info\/wordpress\/wp-content\/uploads\/2023\/04\/III-sija-208x300.jpg 208w, https:\/\/sattanen.info\/wordpress\/wp-content\/uploads\/2023\/04\/III-sija-768x1110.jpg 768w, https:\/\/sattanen.info\/wordpress\/wp-content\/uploads\/2023\/04\/III-sija-1063x1536.jpg 1063w, https:\/\/sattanen.info\/wordpress\/wp-content\/uploads\/2023\/04\/III-sija-1417x2048.jpg 1417w, https:\/\/sattanen.info\/wordpress\/wp-content\/uploads\/2023\/04\/III-sija.jpg 1496w\" sizes=\"auto, (max-width: 709px) 100vw, 709px\" \/><\/figure>\n\n\n\n<figure class=\"wp-block-image size-large\"><img loading=\"lazy\" decoding=\"async\" width=\"1024\" height=\"722\" data-id=\"1491\" src=\"https:\/\/sattanen.info\/wordpress\/wp-content\/uploads\/2023\/04\/Z62_2124-pieni-1024x722.jpg\" alt=\"\" class=\"wp-image-1491\" srcset=\"https:\/\/sattanen.info\/wordpress\/wp-content\/uploads\/2023\/04\/Z62_2124-pieni-1024x722.jpg 1024w, https:\/\/sattanen.info\/wordpress\/wp-content\/uploads\/2023\/04\/Z62_2124-pieni-300x212.jpg 300w, https:\/\/sattanen.info\/wordpress\/wp-content\/uploads\/2023\/04\/Z62_2124-pieni-768x542.jpg 768w, https:\/\/sattanen.info\/wordpress\/wp-content\/uploads\/2023\/04\/Z62_2124-pieni-1536x1084.jpg 1536w, https:\/\/sattanen.info\/wordpress\/wp-content\/uploads\/2023\/04\/Z62_2124-pieni-2048x1445.jpg 2048w\" sizes=\"auto, (max-width: 1024px) 100vw, 1024px\" \/><\/figure>\n<\/figure>\n","protected":false},"excerpt":{"rendered":"<p>Porokisakuvia l\u00f6ytyy my\u00f6s kyl\u00e4seuran Instagram-tililt\u00e4. Seuraavat kuvat Reijo Ailasmaa.<\/p>\n","protected":false},"author":1,"featured_media":1485,"parent":0,"menu_order":0,"comment_status":"closed","ping_status":"closed","template":"","meta":{"_kadence_starter_templates_imported_post":false,"_kad_post_transparent":"","_kad_post_title":"","_kad_post_layout":"","_kad_post_sidebar_id":"","_kad_post_content_style":"","_kad_post_vertical_padding":"","_kad_post_feature":"","_kad_post_feature_position":"","_kad_post_header":false,"_kad_post_footer":false,"_kad_post_classname":"","footnotes":""},"class_list":["post-1549","page","type-page","status-publish","has-post-thumbnail","hentry"],"_links":{"self":[{"href":"https:\/\/sattanen.info\/wordpress\/index.php?rest_route=\/wp\/v2\/pages\/1549","targetHints":{"allow":["GET"]}}],"collection":[{"href":"https:\/\/sattanen.info\/wordpress\/index.php?rest_route=\/wp\/v2\/pages"}],"about":[{"href":"https:\/\/sattanen.info\/wordpress\/index.php?rest_route=\/wp\/v2\/types\/page"}],"author":[{"embeddable":true,"href":"https:\/\/sattanen.info\/wordpress\/index.php?rest_route=\/wp\/v2\/users\/1"}],"replies":[{"embeddable":true,"href":"https:\/\/sattanen.info\/wordpress\/index.php?rest_route=%2Fwp%2Fv2%2Fcomments&post=1549"}],"version-history":[{"count":1,"href":"https:\/\/sattanen.info\/wordpress\/index.php?rest_route=\/wp\/v2\/pages\/1549\/revisions"}],"predecessor-version":[{"id":1550,"href":"https:\/\/sattanen.info\/wordpress\/index.php?rest_route=\/wp\/v2\/pages\/1549\/revisions\/1550"}],"wp:featuredmedia":[{"embeddable":true,"href":"https:\/\/sattanen.info\/wordpress\/index.php?rest_route=\/wp\/v2\/media\/1485"}],"wp:attachment":[{"href":"https:\/\/sattanen.info\/wordpress\/index.php?rest_route=%2Fwp%2Fv2%2Fmedia&parent=1549"}],"curies":[{"name":"wp","href":"https:\/\/api.w.org\/{rel}","templated":true}]}}