{"id":120,"date":"2017-01-24T14:37:43","date_gmt":"2017-01-24T14:37:43","guid":{"rendered":"http:\/\/sattanen.info\/wordpress\/?page_id=120"},"modified":"2017-08-24T08:13:18","modified_gmt":"2017-08-24T08:13:18","slug":"poronhoito","status":"publish","type":"page","link":"https:\/\/sattanen.info\/wordpress\/?page_id=120","title":{"rendered":"Poronhoito"},"content":{"rendered":"<div>\n<figure class=\"wp-block-embed wp-block-embed-youtube is-type-video is-provider-youtube epyt-figure\"><div class=\"wp-block-embed__wrapper\"><iframe loading=\"lazy\"  id=\"_ytid_27168\"  width=\"1290\" height=\"726\"  data-origwidth=\"1290\" data-origheight=\"726\" src=\"https:\/\/www.youtube.com\/embed\/KvKEDR7ed44?enablejsapi=1&autoplay=0&cc_load_policy=0&cc_lang_pref=&iv_load_policy=3&loop=0&rel=0&fs=1&playsinline=0&autohide=2&theme=dark&color=red&controls=1&disablekb=0&\" class=\"__youtube_prefs__  no-lazyload\" data-vol=\"50\"  title=\"YouTube player\"  allow=\"fullscreen; accelerometer; autoplay; clipboard-write; encrypted-media; gyroscope; picture-in-picture; web-share\" referrerpolicy=\"strict-origin-when-cross-origin\" allowfullscreen data-no-lazy=\"1\" data-skipgform_ajax_framebjll=\"\"><\/iframe><\/div><\/figure>\n<p>Lainaus Sattanen Ajan Virrassa kirjasta (Kirj. Alpo Laitila):<\/p>\n<p>&#8221;Sattasen paliskunta on Keski-Lapin vanhimpia j\u00e4rjest\u00e4ytyneit\u00e4 paliskuntia.\u00a0 Nimi Sattas juontaa juurensa saamen kielest\u00e4 ja tarkoittaa hiekkaa.\u00a0 Sattasniemi sijaitsi ennen Kelukosken altaan rakentamista Sattasjoen ja Kitisen niemess\u00e4, pieni Hiekkaniemi.&#8221;<\/p>\n<p>Sattasen kyl\u00e4 sijaitsee keskell\u00e4 poronhoitoaluetta ja luonnollisesti\u00a0useat kyl\u00e4n asukkaat ovat tekemisiss\u00e4 porotalouden kanssa.\u00a0 Kyl\u00e4n poromiehill\u00e4 on erotusaikana syksyll\u00e4 tarjolla ensiluokkaista poronlihaa kotitalouksien tarpeisiin.<\/p>\n<p><strong>Alueen porot palkivat Sattasniemen paliskunnassa<\/strong><\/p>\n<p><strong>Kotipaikka:<\/strong> Sodankyl\u00e4<br \/>\n<strong>Porois\u00e4nt\u00e4:<\/strong>\u00a0Pentti Kauppi<br \/>\n<strong>Raja: <\/strong>Raja kulkee Jeesi\u00f6joen suusta Kitisess\u00e4 Jeesi\u00f6jokea yl\u00f6s Kittil\u00e4n kunnan rajaan, t\u00e4t\u00e4 rajaa Kitiseen asti ja Kitist\u00e4 alas Jeesi\u00f6joen suuhun.<\/p>\n<ul type=\"disc\">\n<li>Esteaita Sattasniemen ja Kuivasalmen paliskuntien v\u00e4lill\u00e4: Esteaita kulkee Kitisest\u00e4 pohjoisessa Jeesi\u00f6\u00f6n etel\u00e4ss\u00e4. Aita l\u00e4htee Sodankyl\u00e4n Lapin paliskunnan ja Sattasniemen sek\u00e4 Kuivaniemen paliskunnan v\u00e4lisest\u00e4 risteyksest\u00e4 ja kulkee Kuivasalmen paliskunnan ja Sattasniemen paliskunnan v\u00e4list\u00e4 rajaa Jeesi\u00f6jokeen saakka (29.1.1968, D:3612 MM 1967).<\/li>\n<li>Esteaita Sattasniemen ja Syv\u00e4j\u00e4rven paliskuntien v\u00e4lill\u00e4: Esteaita kulkee v\u00e4lill\u00e4 Satinkinoja \u2013Virtamutka (6.5.1994, D: 6454\/777\/MMM 1994).<\/li>\n<\/ul>\n<\/div>\n","protected":false},"excerpt":{"rendered":"<p>Lainaus Sattanen Ajan Virrassa kirjasta (Kirj. Alpo Laitila): &#8221;Sattasen paliskunta on Keski-Lapin vanhimpia j\u00e4rjest\u00e4ytyneit\u00e4 paliskuntia.\u00a0 Nimi Sattas juontaa juurensa saamen kielest\u00e4 ja tarkoittaa hiekkaa.\u00a0 Sattasniemi sijaitsi ennen Kelukosken altaan rakentamista Sattasjoen ja Kitisen niemess\u00e4, pieni Hiekkaniemi.&#8221; Sattasen kyl\u00e4 sijaitsee keskell\u00e4 poronhoitoaluetta ja luonnollisesti\u00a0useat kyl\u00e4n asukkaat ovat tekemisiss\u00e4 porotalouden kanssa.\u00a0 Kyl\u00e4n poromiehill\u00e4 on erotusaikana syksyll\u00e4 tarjolla&#8230;<\/p>\n","protected":false},"author":1,"featured_media":0,"parent":0,"menu_order":0,"comment_status":"closed","ping_status":"closed","template":"","meta":{"_kadence_starter_templates_imported_post":false,"_kad_post_transparent":"","_kad_post_title":"","_kad_post_layout":"","_kad_post_sidebar_id":"","_kad_post_content_style":"","_kad_post_vertical_padding":"","_kad_post_feature":"","_kad_post_feature_position":"","_kad_post_header":false,"_kad_post_footer":false,"_kad_post_classname":"","footnotes":""},"class_list":["post-120","page","type-page","status-publish","hentry"],"_links":{"self":[{"href":"https:\/\/sattanen.info\/wordpress\/index.php?rest_route=\/wp\/v2\/pages\/120","targetHints":{"allow":["GET"]}}],"collection":[{"href":"https:\/\/sattanen.info\/wordpress\/index.php?rest_route=\/wp\/v2\/pages"}],"about":[{"href":"https:\/\/sattanen.info\/wordpress\/index.php?rest_route=\/wp\/v2\/types\/page"}],"author":[{"embeddable":true,"href":"https:\/\/sattanen.info\/wordpress\/index.php?rest_route=\/wp\/v2\/users\/1"}],"replies":[{"embeddable":true,"href":"https:\/\/sattanen.info\/wordpress\/index.php?rest_route=%2Fwp%2Fv2%2Fcomments&post=120"}],"version-history":[{"count":5,"href":"https:\/\/sattanen.info\/wordpress\/index.php?rest_route=\/wp\/v2\/pages\/120\/revisions"}],"predecessor-version":[{"id":577,"href":"https:\/\/sattanen.info\/wordpress\/index.php?rest_route=\/wp\/v2\/pages\/120\/revisions\/577"}],"wp:attachment":[{"href":"https:\/\/sattanen.info\/wordpress\/index.php?rest_route=%2Fwp%2Fv2%2Fmedia&parent=120"}],"curies":[{"name":"wp","href":"https:\/\/api.w.org\/{rel}","templated":true}]}}