{"id":117,"date":"2017-01-24T14:36:34","date_gmt":"2017-01-24T14:36:34","guid":{"rendered":"http:\/\/sattanen.info\/wordpress\/?page_id=117"},"modified":"2017-01-24T14:36:34","modified_gmt":"2017-01-24T14:36:34","slug":"muut-luontoharrastukset","status":"publish","type":"page","link":"https:\/\/sattanen.info\/wordpress\/?page_id=117","title":{"rendered":"Muut luontoharrastukset"},"content":{"rendered":"<p>Marjojen ja sienien kotitarvepoimintaan on kyl\u00e4n l\u00e4hialueilla eritt\u00e4in hyv\u00e4t mahdollisuudet.\u00a0 Kotiaavasta alkava aapasoiden jono jatkuu useita kilometrej\u00e4 l\u00e4nteen heti kyl\u00e4n l\u00e4nsipuolella. Alue tarjoaa hillanetsij\u00f6ille mahdollisuuksia l\u00f6yt\u00e4\u00e4 ne parhaat marjam\u00e4tt\u00e4\u00e4t.\u00a0 Mustikoita ja puolukoita ei kaukaa tarvitse l\u00e4hte\u00e4 hakemaan, sill\u00e4 parhaimmillaan ne saa omalta takapihalta, samoin kuin sienet.<\/p>\n","protected":false},"excerpt":{"rendered":"<p>Marjojen ja sienien kotitarvepoimintaan on kyl\u00e4n l\u00e4hialueilla eritt\u00e4in hyv\u00e4t mahdollisuudet.\u00a0 Kotiaavasta alkava aapasoiden jono jatkuu useita kilometrej\u00e4 l\u00e4nteen heti kyl\u00e4n l\u00e4nsipuolella. Alue tarjoaa hillanetsij\u00f6ille mahdollisuuksia l\u00f6yt\u00e4\u00e4 ne parhaat marjam\u00e4tt\u00e4\u00e4t.\u00a0 Mustikoita ja puolukoita ei kaukaa tarvitse l\u00e4hte\u00e4 hakemaan, sill\u00e4 parhaimmillaan ne saa omalta takapihalta, samoin kuin sienet.<\/p>\n","protected":false},"author":1,"featured_media":0,"parent":0,"menu_order":0,"comment_status":"closed","ping_status":"closed","template":"","meta":{"_kadence_starter_templates_imported_post":false,"_kad_post_transparent":"","_kad_post_title":"","_kad_post_layout":"","_kad_post_sidebar_id":"","_kad_post_content_style":"","_kad_post_vertical_padding":"","_kad_post_feature":"","_kad_post_feature_position":"","_kad_post_header":false,"_kad_post_footer":false,"_kad_post_classname":"","footnotes":""},"class_list":["post-117","page","type-page","status-publish","hentry"],"_links":{"self":[{"href":"https:\/\/sattanen.info\/wordpress\/index.php?rest_route=\/wp\/v2\/pages\/117","targetHints":{"allow":["GET"]}}],"collection":[{"href":"https:\/\/sattanen.info\/wordpress\/index.php?rest_route=\/wp\/v2\/pages"}],"about":[{"href":"https:\/\/sattanen.info\/wordpress\/index.php?rest_route=\/wp\/v2\/types\/page"}],"author":[{"embeddable":true,"href":"https:\/\/sattanen.info\/wordpress\/index.php?rest_route=\/wp\/v2\/users\/1"}],"replies":[{"embeddable":true,"href":"https:\/\/sattanen.info\/wordpress\/index.php?rest_route=%2Fwp%2Fv2%2Fcomments&post=117"}],"version-history":[{"count":1,"href":"https:\/\/sattanen.info\/wordpress\/index.php?rest_route=\/wp\/v2\/pages\/117\/revisions"}],"predecessor-version":[{"id":118,"href":"https:\/\/sattanen.info\/wordpress\/index.php?rest_route=\/wp\/v2\/pages\/117\/revisions\/118"}],"wp:attachment":[{"href":"https:\/\/sattanen.info\/wordpress\/index.php?rest_route=%2Fwp%2Fv2%2Fmedia&parent=117"}],"curies":[{"name":"wp","href":"https:\/\/api.w.org\/{rel}","templated":true}]}}