{"id":114,"date":"2017-01-24T14:35:16","date_gmt":"2017-01-24T14:35:16","guid":{"rendered":"http:\/\/sattanen.info\/wordpress\/?page_id=114"},"modified":"2017-08-24T08:08:13","modified_gmt":"2017-08-24T08:08:13","slug":"uinti","status":"publish","type":"page","link":"https:\/\/sattanen.info\/wordpress\/?page_id=114","title":{"rendered":"Uinti"},"content":{"rendered":"<p>Sattasessa on hyv\u00e4t mahdollisuudet uimiseen, onhan\u00a0kyl\u00e4n pohjoisp\u00e4\u00e4ss\u00e4 nelostien varressa laaja hiekkaranta, joka on kes\u00e4aikana ahkerassa k\u00e4yt\u00f6ss\u00e4.\u00a0 Puljunharjun puolella on venerannan vieress\u00e4 pienempi, mutta my\u00f6skin hyv\u00e4 hiekkapohjainen uimaranta.\u00a0 N\u00e4iden kahden lis\u00e4ksi noin 5 km kyl\u00e4st\u00e4 Sodankyl\u00e4n kirkolle p\u00e4in on Kelukosken patovallilla uimapaikka aivan py\u00f6r\u00e4tien vieress\u00e4.<\/p>\n<p>&nbsp;<\/p>\n","protected":false},"excerpt":{"rendered":"<p>Sattasessa on hyv\u00e4t mahdollisuudet uimiseen, onhan\u00a0kyl\u00e4n pohjoisp\u00e4\u00e4ss\u00e4 nelostien varressa laaja hiekkaranta, joka on kes\u00e4aikana ahkerassa k\u00e4yt\u00f6ss\u00e4.\u00a0 Puljunharjun puolella on venerannan vieress\u00e4 pienempi, mutta my\u00f6skin hyv\u00e4 hiekkapohjainen uimaranta.\u00a0 N\u00e4iden kahden lis\u00e4ksi noin 5 km kyl\u00e4st\u00e4 Sodankyl\u00e4n kirkolle p\u00e4in on Kelukosken patovallilla uimapaikka aivan py\u00f6r\u00e4tien vieress\u00e4. &nbsp;<\/p>\n","protected":false},"author":1,"featured_media":0,"parent":0,"menu_order":0,"comment_status":"closed","ping_status":"closed","template":"","meta":{"_kadence_starter_templates_imported_post":false,"_kad_post_transparent":"","_kad_post_title":"","_kad_post_layout":"","_kad_post_sidebar_id":"","_kad_post_content_style":"","_kad_post_vertical_padding":"","_kad_post_feature":"","_kad_post_feature_position":"","_kad_post_header":false,"_kad_post_footer":false,"_kad_post_classname":"","footnotes":""},"class_list":["post-114","page","type-page","status-publish","hentry"],"_links":{"self":[{"href":"https:\/\/sattanen.info\/wordpress\/index.php?rest_route=\/wp\/v2\/pages\/114","targetHints":{"allow":["GET"]}}],"collection":[{"href":"https:\/\/sattanen.info\/wordpress\/index.php?rest_route=\/wp\/v2\/pages"}],"about":[{"href":"https:\/\/sattanen.info\/wordpress\/index.php?rest_route=\/wp\/v2\/types\/page"}],"author":[{"embeddable":true,"href":"https:\/\/sattanen.info\/wordpress\/index.php?rest_route=\/wp\/v2\/users\/1"}],"replies":[{"embeddable":true,"href":"https:\/\/sattanen.info\/wordpress\/index.php?rest_route=%2Fwp%2Fv2%2Fcomments&post=114"}],"version-history":[{"count":3,"href":"https:\/\/sattanen.info\/wordpress\/index.php?rest_route=\/wp\/v2\/pages\/114\/revisions"}],"predecessor-version":[{"id":574,"href":"https:\/\/sattanen.info\/wordpress\/index.php?rest_route=\/wp\/v2\/pages\/114\/revisions\/574"}],"wp:attachment":[{"href":"https:\/\/sattanen.info\/wordpress\/index.php?rest_route=%2Fwp%2Fv2%2Fmedia&parent=114"}],"curies":[{"name":"wp","href":"https:\/\/api.w.org\/{rel}","templated":true}]}}