{"id":1122,"date":"2020-11-21T08:31:30","date_gmt":"2020-11-21T08:31:30","guid":{"rendered":"http:\/\/sattanen.info\/wordpress\/?page_id=1122"},"modified":"2021-09-13T15:36:00","modified_gmt":"2021-09-13T15:36:00","slug":"sattasen-kyla","status":"publish","type":"page","link":"https:\/\/sattanen.info\/wordpress\/?page_id=1122","title":{"rendered":"Sattanen"},"content":{"rendered":"\n<p>Sattasen kyl\u00e4 sijaitsee Sodankyl\u00e4n kunnan taajamasta noin 13 kilometri\u00e4 4-tiet\u00e4 pohjoiseen. Kyl\u00e4 on levitt\u00e4ytynyt valtatien molemmin puolin muutamien kilometrien pituiselle alueelle. Vanha kyl\u00e4tie poikkeaa etel\u00e4st\u00e4 (Sodankyl\u00e4st\u00e4) tultaessa noin 7 km:n kohdalla oikealle. Kyl\u00e4 sijoittuu my\u00f6s osittain Rajalantien varteen. Mediapajan kuvaama esittely Sattasesta kes\u00e4ll\u00e4 2016.<\/p>\n\n\n\n<figure class=\"wp-block-embed is-type-video is-provider-youtube wp-block-embed-youtube wp-embed-aspect-16-9 wp-has-aspect-ratio\"><div class=\"wp-block-embed__wrapper\">\n<iframe loading=\"lazy\"  id=\"_ytid_81184\"  width=\"1290\" height=\"726\"  data-origwidth=\"1290\" data-origheight=\"726\" src=\"https:\/\/www.youtube.com\/embed\/wTCGoE7gm8M?enablejsapi=1&#038;autoplay=0&#038;cc_load_policy=0&#038;cc_lang_pref=&#038;iv_load_policy=3&#038;loop=0&#038;rel=0&#038;fs=1&#038;playsinline=0&#038;autohide=2&#038;theme=dark&#038;color=red&#038;controls=1&#038;disablekb=0&#038;\" class=\"__youtube_prefs__  epyt-is-override  no-lazyload\" data-vol=\"50\"  title=\"YouTube player\"  allow=\"fullscreen; accelerometer; autoplay; clipboard-write; encrypted-media; gyroscope; picture-in-picture; web-share\" referrerpolicy=\"strict-origin-when-cross-origin\" allowfullscreen data-no-lazy=\"1\" data-skipgform_ajax_framebjll=\"\"><\/iframe>\n<\/div><\/figure>\n\n\n\n<p>Sattasen kyl\u00e4 on vire\u00e4, kasvava kyl\u00e4.&nbsp; Kaivosteollisuuden vilkastuminen on alkanut&nbsp; n\u00e4ky\u00e4 kyl\u00e4kuvassa vilkastuneena liikenteen\u00e4 4-tiell\u00e4 sek\u00e4 tonttikyselyin\u00e4 kyl\u00e4n alueella. Kyl\u00e4\u00e4n rakennetaan vuosittain uusia omakotitaloja yksityisille maille ja kunnan kaavoittamalle tonttimaalle.<\/p>\n\n\n\n<p>Kyl\u00e4kuva on muuttunut kes\u00e4n 2001 j\u00e4lkeen, jolloin entisten jokien Sattasjoen ja Kitisen tilalle tuli allas, joka tarjoaa monenlaisia vapaa-ajanviettomahdollisuuksia. Talvella pilkkiminen, hiiht\u00e4minen ja kelkkailu, kes\u00e4ll\u00e4 veneily sek\u00e4 kalastus altaalla ovat tuoneet uutta intoa vapaa-ajan harrastuksiin kyl\u00e4l\u00e4isille. Kyl\u00e4n pohjoispuolella, aivan nelostien tuntumassa on hyv\u00e4 uimaranta ja veneenlaskupaikka.<\/p>\n\n\n\n<p>Kyl\u00e4l\u00e4isten oma Kota on ymp\u00e4rivuotisessa k\u00e4yt\u00f6ss\u00e4. Kev\u00e4isin Sattasen Kyl\u00e4seura ry j\u00e4rjest\u00e4\u00e4 perinteikk\u00e4\u00e4t Sattasen Porokisat.<\/p>\n\n\n\n<p>Viimeisin uudistus Sattasessa oli jalkak\u00e4yt\u00e4v\u00e4n rakentaminen Sodankyl\u00e4st\u00e4 kyl\u00e4tien alkup\u00e4\u00e4h\u00e4n ja katuvalaistus koko matkalle.&nbsp; T\u00e4m\u00e4n uudistuksen j\u00e4lkeen on py\u00f6r\u00e4liikenne kyl\u00e4n ja kunnan keskustan v\u00e4lill\u00e4 kasvanut huomattavasti.<\/p>\n","protected":false},"excerpt":{"rendered":"<p>Sattasen kyl\u00e4 sijaitsee Sodankyl\u00e4n kunnan taajamasta noin 13 kilometri\u00e4 4-tiet\u00e4 pohjoiseen. Kyl\u00e4 on levitt\u00e4ytynyt valtatien molemmin puolin muutamien kilometrien pituiselle alueelle. Vanha kyl\u00e4tie poikkeaa etel\u00e4st\u00e4 (Sodankyl\u00e4st\u00e4) tultaessa noin 7 km:n kohdalla oikealle. Kyl\u00e4 sijoittuu my\u00f6s osittain Rajalantien varteen. Mediapajan kuvaama esittely Sattasesta kes\u00e4ll\u00e4 2016. Sattasen kyl\u00e4 on vire\u00e4, kasvava kyl\u00e4.&nbsp; Kaivosteollisuuden vilkastuminen on alkanut&nbsp; n\u00e4ky\u00e4&#8230;<\/p>\n","protected":false},"author":1,"featured_media":0,"parent":0,"menu_order":0,"comment_status":"closed","ping_status":"closed","template":"","meta":{"_kadence_starter_templates_imported_post":false,"_kad_post_transparent":"","_kad_post_title":"","_kad_post_layout":"","_kad_post_sidebar_id":"","_kad_post_content_style":"","_kad_post_vertical_padding":"","_kad_post_feature":"","_kad_post_feature_position":"","_kad_post_header":false,"_kad_post_footer":false,"_kad_post_classname":"","footnotes":""},"class_list":["post-1122","page","type-page","status-publish","hentry"],"_links":{"self":[{"href":"https:\/\/sattanen.info\/wordpress\/index.php?rest_route=\/wp\/v2\/pages\/1122","targetHints":{"allow":["GET"]}}],"collection":[{"href":"https:\/\/sattanen.info\/wordpress\/index.php?rest_route=\/wp\/v2\/pages"}],"about":[{"href":"https:\/\/sattanen.info\/wordpress\/index.php?rest_route=\/wp\/v2\/types\/page"}],"author":[{"embeddable":true,"href":"https:\/\/sattanen.info\/wordpress\/index.php?rest_route=\/wp\/v2\/users\/1"}],"replies":[{"embeddable":true,"href":"https:\/\/sattanen.info\/wordpress\/index.php?rest_route=%2Fwp%2Fv2%2Fcomments&post=1122"}],"version-history":[{"count":4,"href":"https:\/\/sattanen.info\/wordpress\/index.php?rest_route=\/wp\/v2\/pages\/1122\/revisions"}],"predecessor-version":[{"id":1209,"href":"https:\/\/sattanen.info\/wordpress\/index.php?rest_route=\/wp\/v2\/pages\/1122\/revisions\/1209"}],"wp:attachment":[{"href":"https:\/\/sattanen.info\/wordpress\/index.php?rest_route=%2Fwp%2Fv2%2Fmedia&parent=1122"}],"curies":[{"name":"wp","href":"https:\/\/api.w.org\/{rel}","templated":true}]}}