{"id":110,"date":"2017-01-24T14:33:59","date_gmt":"2017-01-24T14:33:59","guid":{"rendered":"http:\/\/sattanen.info\/wordpress\/?page_id=110"},"modified":"2017-08-24T08:05:10","modified_gmt":"2017-08-24T08:05:10","slug":"metsastys","status":"publish","type":"page","link":"https:\/\/sattanen.info\/wordpress\/?page_id=110","title":{"rendered":"Mets\u00e4stys"},"content":{"rendered":"<p><img loading=\"lazy\" decoding=\"async\" class=\"alignnone wp-image-571 size-full\" src=\"https:\/\/sattanen.info\/wordpress\/wp-content\/uploads\/2017\/01\/mettastys.jpg\" alt=\"\" width=\"240\" height=\"153\" \/><\/p>\n<p>Mets\u00e4styslain mukaisesti Sodankyl\u00e4n kunnassa vakituisesti asuvilla henkil\u00f6ill\u00e4 on vapaa mets\u00e4stysoikeus valtion maille oman kuntansa alueella.\u00a0 Vain parikymment\u00e4 kilometri\u00e4 4-tiet\u00e4 pohjoiseen avautuu tien l\u00e4nsipuolella laaja ja monelta osin tiet\u00f6n Pomokaira.\u00a0 Alueella liikkuu syksyisin linnun-, hirven- ja karhunpyyt\u00e4ji\u00e4 sulassa sovussa runsain m\u00e4\u00e4rin, sill\u00e4\u00a0laajaan kairaan mahtuu mets\u00e4st\u00e4ji\u00e4.<\/p>\n<p>Pomokairalla on\u00a0kautta aikojen\u00a0ollut riista-aitan maine pyyt\u00f6miesten ja -naisten keskuudessa. Sodankyl\u00e4l\u00e4iset ovat etuoikeutettuja saadessaan t\u00e4m\u00e4n laajan alueen ilmaiseksi mets\u00e4stysk\u00e4ytt\u00f6\u00f6ns\u00e4.<\/p>\n<p>Yksityisille maille kunnan alueella on mahdollista saada lupa maanomistajalta tai liitty\u00e4 mets\u00e4stysseuraan, jonka kautta seuran yksityiset vuokramaat ovat k\u00e4yt\u00f6ss\u00e4.<\/p>\n<p>Kyl\u00e4ss\u00e4 toimii mets\u00e4stysseura Sattasen Riista ry, jonka\u00a0toiminnan tarkoituksena on mets\u00e4stys ja riistanhoito. Seuraan p\u00e4\u00e4see j\u00e4seneksi omistamalla kiinteist\u00f6n tai mets\u00e4palstan Sattasen kyl\u00e4ss\u00e4.<\/p>\n<p>Yhteystiedot<br \/>\nPj Raimo Kustula, Puh. 040 4805 367 <a href=\"http:\/\/www.sattasenriista.fi\/index.php\" target=\"_blank\" rel=\"noopener\">www.sattasenriista.fi<\/a><\/p>\n","protected":false},"excerpt":{"rendered":"<p>Mets\u00e4styslain mukaisesti Sodankyl\u00e4n kunnassa vakituisesti asuvilla henkil\u00f6ill\u00e4 on vapaa mets\u00e4stysoikeus valtion maille oman kuntansa alueella.\u00a0 Vain parikymment\u00e4 kilometri\u00e4 4-tiet\u00e4 pohjoiseen avautuu tien l\u00e4nsipuolella laaja ja monelta osin tiet\u00f6n Pomokaira.\u00a0 Alueella liikkuu syksyisin linnun-, hirven- ja karhunpyyt\u00e4ji\u00e4 sulassa sovussa runsain m\u00e4\u00e4rin, sill\u00e4\u00a0laajaan kairaan mahtuu mets\u00e4st\u00e4ji\u00e4. Pomokairalla on\u00a0kautta aikojen\u00a0ollut riista-aitan maine pyyt\u00f6miesten ja -naisten keskuudessa. Sodankyl\u00e4l\u00e4iset ovat&#8230;<\/p>\n","protected":false},"author":1,"featured_media":0,"parent":0,"menu_order":0,"comment_status":"closed","ping_status":"closed","template":"","meta":{"_kadence_starter_templates_imported_post":false,"_kad_post_transparent":"","_kad_post_title":"","_kad_post_layout":"","_kad_post_sidebar_id":"","_kad_post_content_style":"","_kad_post_vertical_padding":"","_kad_post_feature":"","_kad_post_feature_position":"","_kad_post_header":false,"_kad_post_footer":false,"_kad_post_classname":"","footnotes":""},"class_list":["post-110","page","type-page","status-publish","hentry"],"_links":{"self":[{"href":"https:\/\/sattanen.info\/wordpress\/index.php?rest_route=\/wp\/v2\/pages\/110","targetHints":{"allow":["GET"]}}],"collection":[{"href":"https:\/\/sattanen.info\/wordpress\/index.php?rest_route=\/wp\/v2\/pages"}],"about":[{"href":"https:\/\/sattanen.info\/wordpress\/index.php?rest_route=\/wp\/v2\/types\/page"}],"author":[{"embeddable":true,"href":"https:\/\/sattanen.info\/wordpress\/index.php?rest_route=\/wp\/v2\/users\/1"}],"replies":[{"embeddable":true,"href":"https:\/\/sattanen.info\/wordpress\/index.php?rest_route=%2Fwp%2Fv2%2Fcomments&post=110"}],"version-history":[{"count":3,"href":"https:\/\/sattanen.info\/wordpress\/index.php?rest_route=\/wp\/v2\/pages\/110\/revisions"}],"predecessor-version":[{"id":572,"href":"https:\/\/sattanen.info\/wordpress\/index.php?rest_route=\/wp\/v2\/pages\/110\/revisions\/572"}],"wp:attachment":[{"href":"https:\/\/sattanen.info\/wordpress\/index.php?rest_route=%2Fwp%2Fv2%2Fmedia&parent=110"}],"curies":[{"name":"wp","href":"https:\/\/api.w.org\/{rel}","templated":true}]}}