{"id":104,"date":"2017-01-24T14:30:06","date_gmt":"2017-01-24T14:30:06","guid":{"rendered":"http:\/\/sattanen.info\/wordpress\/?page_id=104"},"modified":"2020-11-18T10:35:48","modified_gmt":"2020-11-18T10:35:48","slug":"luistelu","status":"publish","type":"page","link":"https:\/\/sattanen.info\/wordpress\/?page_id=104","title":{"rendered":"Luistelu"},"content":{"rendered":"<p>Kyl\u00e4n koulun piha-alueelta l\u00f6ytyy pienimuotoinen luistelukentt\u00e4.\u00a0 Kent\u00e4ll\u00e4 on valot iltaluisteluja varten sek\u00e4 pukukoppi.<\/p>\n<p><strong><img loading=\"lazy\" decoding=\"async\" class=\"size-medium wp-image-569 aligncenter\" src=\"https:\/\/sattanen.info\/wordpress\/wp-content\/uploads\/2017\/01\/kentta480360-225x300.jpg\" alt=\"\" width=\"225\" height=\"300\" srcset=\"https:\/\/sattanen.info\/wordpress\/wp-content\/uploads\/2017\/01\/kentta480360-225x300.jpg 225w, https:\/\/sattanen.info\/wordpress\/wp-content\/uploads\/2017\/01\/kentta480360.jpg 360w\" sizes=\"auto, (max-width: 225px) 100vw, 225px\" \/><\/strong><\/p>\n","protected":false},"excerpt":{"rendered":"<p>Kyl\u00e4n koulun piha-alueelta l\u00f6ytyy pienimuotoinen luistelukentt\u00e4.\u00a0 Kent\u00e4ll\u00e4 on valot iltaluisteluja varten sek\u00e4 pukukoppi.<\/p>\n","protected":false},"author":1,"featured_media":0,"parent":0,"menu_order":0,"comment_status":"closed","ping_status":"closed","template":"","meta":{"_kadence_starter_templates_imported_post":false,"_kad_post_transparent":"","_kad_post_title":"","_kad_post_layout":"","_kad_post_sidebar_id":"","_kad_post_content_style":"","_kad_post_vertical_padding":"","_kad_post_feature":"","_kad_post_feature_position":"","_kad_post_header":false,"_kad_post_footer":false,"_kad_post_classname":"","footnotes":""},"class_list":["post-104","page","type-page","status-publish","hentry"],"_links":{"self":[{"href":"https:\/\/sattanen.info\/wordpress\/index.php?rest_route=\/wp\/v2\/pages\/104","targetHints":{"allow":["GET"]}}],"collection":[{"href":"https:\/\/sattanen.info\/wordpress\/index.php?rest_route=\/wp\/v2\/pages"}],"about":[{"href":"https:\/\/sattanen.info\/wordpress\/index.php?rest_route=\/wp\/v2\/types\/page"}],"author":[{"embeddable":true,"href":"https:\/\/sattanen.info\/wordpress\/index.php?rest_route=\/wp\/v2\/users\/1"}],"replies":[{"embeddable":true,"href":"https:\/\/sattanen.info\/wordpress\/index.php?rest_route=%2Fwp%2Fv2%2Fcomments&post=104"}],"version-history":[{"count":4,"href":"https:\/\/sattanen.info\/wordpress\/index.php?rest_route=\/wp\/v2\/pages\/104\/revisions"}],"predecessor-version":[{"id":1070,"href":"https:\/\/sattanen.info\/wordpress\/index.php?rest_route=\/wp\/v2\/pages\/104\/revisions\/1070"}],"wp:attachment":[{"href":"https:\/\/sattanen.info\/wordpress\/index.php?rest_route=%2Fwp%2Fv2%2Fmedia&parent=104"}],"curies":[{"name":"wp","href":"https:\/\/api.w.org\/{rel}","templated":true}]}}