{"id":101,"date":"2017-01-24T14:28:22","date_gmt":"2017-01-24T14:28:22","guid":{"rendered":"http:\/\/sattanen.info\/wordpress\/?page_id=101"},"modified":"2017-08-24T08:01:50","modified_gmt":"2017-08-24T08:01:50","slug":"kelkkailu","status":"publish","type":"page","link":"https:\/\/sattanen.info\/wordpress\/?page_id=101","title":{"rendered":"Kelkkailu"},"content":{"rendered":"<p>Kyl\u00e4st\u00e4 l\u00e4htee virallisia kelkkareittej\u00e4 moneen eri suuntaan ja vesialueilla kelkkailu on sallittua ilman eri lupia.\u00a0 Kelkkailu onkin yleinen talviharrastus Sattasessa ja useat perheet sek\u00e4 yksitt\u00e4iset ajelijat valloittavat Kaarestunturin rinteit\u00e4 erityisesti kev\u00e4tauringon paistaessa.<\/p>\n<div class=\"img_caption none\">\n<p><img loading=\"lazy\" decoding=\"async\" class=\"alignnone wp-image-566 size-full\" src=\"https:\/\/sattanen.info\/wordpress\/wp-content\/uploads\/2017\/01\/kaarestunturitammikuussa.jpg\" alt=\"\" width=\"640\" height=\"480\" srcset=\"https:\/\/sattanen.info\/wordpress\/wp-content\/uploads\/2017\/01\/kaarestunturitammikuussa.jpg 640w, https:\/\/sattanen.info\/wordpress\/wp-content\/uploads\/2017\/01\/kaarestunturitammikuussa-300x225.jpg 300w\" sizes=\"auto, (max-width: 640px) 100vw, 640px\" \/><\/p>\n<p><img loading=\"lazy\" decoding=\"async\" class=\"caption\" title=\"Kaarestunturissa maaliskuussa\" src=\"http:\/\/www.sattanen.info\/joomla\/images\/kuvat\/kelekkailu4802.jpg\" alt=\"Kaarestunturissa maaliskuussa\" width=\"393\" height=\"295\" border=\"0\" \/><\/p>\n<\/div>\n<p>Kelkkareitteihin voit tutustua kartalla <a href=\"http:\/\/www.retkikartta.fi\" target=\"_blank\" rel=\"noopener\"><img decoding=\"async\" src=\"data:image\/png;base64,iVBORw0KGgoAAAANSUhEUgAAAL8AAAAvCAIAAAA97owSAAAG3ElEQVR4nO1cyXLjOAzV\/39bV3Ulk91x4n2Tbe22LOcwB05jXkACWuw4S\/OVDimRIkEQeAAhOUHg4eHh4eHhcQLyw7Go3lZRcq7R8sPxLEP9eKyTLCuronqL8t1ny9IJRfVGV5P+6f6Q7g9hnOqjbbPirGL+NKyiBDVPyo\/yXbIrP1e2pojyHUkfF\/smjyimZtzIXPNwc25hfw5QUeZK94cgCCaLVStP\/mS0JZ5AtR5qysrqrGL+KJg8ga5kV45mC9M0mi2+jfUgea6TrOFT0vLiYv9tVv55SHalEty\/HPcoGTHyZ\/MBaf3s\/hckHklUhNHPZeTBPEHKC4mZLiOSBj0LoVYpBZaQlRU7Iyy3MY3WGwxPEvpMwK2S+lzY0TFaKd3yw3GT5pcRScQ6yUjcyWKltJ4+Vzca+1CQPFL5AIPIBeS58HSngjjQGUr01rb4n+TW29NHOwtIpJfRRO9gzjsXk6ct03eHNFOyK2uLewrxYOtwOj9RHp3GPlpZzjpbLRfOw01bJjilmtqQ6TtOYZgAo10Yp875NmmO+el0GToH1KM+pil4fx5uiJPs2Gya7HRPojFUmaQX7JOV1SpKltvY7rbNCjsGkYnYsYnGHM+XznnT\/aEh9YZxSgvMD8dVlHQohOIpHe9Pl2Fc7PPDkfTQuk5G49LQrBBJ7oW6VuI6Wph+oYmgwRXVG9tFZTonybGqhnPhdtHM2RkdiRxMGn+6DFkTu9L9AYsLugCYrOAlOa0TtdOh5lu\/sqAnjd3N11vnYpBst1lh3FHqIF1ZWZHbFdVbfzi2NzKMUxbscD\/YccBJY7hVUiaEjMUkZD3tMMTswyQuuK7Ol6EBM4tkOkXjYFdrN4aS8U67xNGOUKTEu94zZnzUjQiD7phujDxonFWUvI6nd71n89RstWYz0vY44wsjPNZKz5pdH8+X1HMwmUmrpu03rnZ1d09P2XkY+kzwJ4oV1dtyG9Oigvd7gLY+DzemiODsEOW7VZTYk9LGkzWjd0nrYnDaX1ZWaCKsT8ORuZTGJsxm2P6HjmXuDCYze8rBZIYMNFut7RnZflNn3AmnhE7F4a6TSHoyQfqibr9vbhX1UdPvm9v+cKws7WU00Q\/G\/eEY3fX2qeeUkAgVF9Jxg+vqqGg6UpYmgvamPxxTvqLMYZwVTYelt8PpXF8nLob+vrq7lyRUEvDpMnSOpqzXeRpgBi0J\/OvqGknICRpKOktSYqCYuC2hdIgxiIu9cuxHB1NanSPnh6P29trW\/tPrwBbOJkCnCpB4nPVKfJOiy00g2rNPYc5UQ6+TUjdKuTDPs08ceIAwdqwTW+2Kah2doiolQP88PEq+SmMq2W5DZ7bXbkxCGvbdw+ZyZh6S6bCVsJPa75tbeyjJEJtIyMxaGkrZXTuZYKt76L\/Url0RlTTQilcQzjoQzi7F7lqRaq2H3TchuKag0EQ11LrYRL3BcBUltt\/YNNBkOt1qA5lX9dOETZ9BECw2kW0l7EEWQJvLyfpLJxesZTg7EPHQqZMdCZl9m\/5KcGF5LQOdAJiV0KTKYt8ptAAyR+CR+NfVtd2BghFbp3NGZIjr+we9qCgd1G1LXSfZ9f0DDq5MTXPZ9R6pv74o+xGn+WKH2m8jJQnvn\/tMP\/pnuPSgM82nVmepTF\/su9OaxFHo5ez19Wi2kA5QOLchz02a48dHdNyQBGA1FTP1zeOTs8RnHukNhnSHJbasP3IAHriM\/9DBil1O7yJgAQwrHZg9OMUzGmaqRr\/CMgSRn00PFKSQZnS7p1ZDuqhAZaUOndoh3wC5p\/hTn2BqNfndzeMT3szKitXynbyNSasxoNFsYZdrs7JCW396HaBINBr2Mfft4qdtr3gTz\/O2bAqYzGhMZsuZJlFUE3qcQtrrkooC+JQpRuOZVDeAZFe2fgnfUDWS9ov374cll6WgQ9bDppOqtM6p7S1nhwXnUHbdDGWQWtFGpVfl+rwYVpzV1AJeOygSOn0AZ2cubSIRzSh90KOotx5ElbpqWHpUWB5PYGGFRXdyBftBZ+0\/eB8O2IDKoYCJaqgRSyZK1ZG1SuVTG6wmnpWVHemYYCwXQaqwS0qoW2fBiTrQ1kgTEZjaP\/D7lsFk1h+O9dhvutW6qRPz9XaT5vahZh5u1knW6kOOIAjCOF0nGaOlu96zIn9nyVsNMpot9A7KC5bawVmty8lSDGGcbtK8dls9\/i58uU\/cPb4RKC1xfrHk4aHBE49Hd3jr8egIClv+F9kereGJx6MjqPLU\/PfdHh7\/wROPR0dQ+Zj+M4aHRz3wtcNlfp\/q8UPQ8U2nh0eT7\/I8PNzwrOPRHWGc+v\/y6eHh4eHh4eHh4fFl8C8ltIP67AqN9wAAAABJRU5ErkJggg==\" alt=\"\" border=\"0\" \/><\/a><\/p>\n","protected":false},"excerpt":{"rendered":"<p>Kyl\u00e4st\u00e4 l\u00e4htee virallisia kelkkareittej\u00e4 moneen eri suuntaan ja vesialueilla kelkkailu on sallittua ilman eri lupia.\u00a0 Kelkkailu onkin yleinen talviharrastus Sattasessa ja useat perheet sek\u00e4 yksitt\u00e4iset ajelijat valloittavat Kaarestunturin rinteit\u00e4 erityisesti kev\u00e4tauringon paistaessa. Kelkkareitteihin voit tutustua kartalla<\/p>\n","protected":false},"author":1,"featured_media":0,"parent":0,"menu_order":0,"comment_status":"closed","ping_status":"closed","template":"","meta":{"_kadence_starter_templates_imported_post":false,"_kad_post_transparent":"","_kad_post_title":"","_kad_post_layout":"","_kad_post_sidebar_id":"","_kad_post_content_style":"","_kad_post_vertical_padding":"","_kad_post_feature":"","_kad_post_feature_position":"","_kad_post_header":false,"_kad_post_footer":false,"_kad_post_classname":"","footnotes":""},"class_list":["post-101","page","type-page","status-publish","hentry"],"_links":{"self":[{"href":"https:\/\/sattanen.info\/wordpress\/index.php?rest_route=\/wp\/v2\/pages\/101","targetHints":{"allow":["GET"]}}],"collection":[{"href":"https:\/\/sattanen.info\/wordpress\/index.php?rest_route=\/wp\/v2\/pages"}],"about":[{"href":"https:\/\/sattanen.info\/wordpress\/index.php?rest_route=\/wp\/v2\/types\/page"}],"author":[{"embeddable":true,"href":"https:\/\/sattanen.info\/wordpress\/index.php?rest_route=\/wp\/v2\/users\/1"}],"replies":[{"embeddable":true,"href":"https:\/\/sattanen.info\/wordpress\/index.php?rest_route=%2Fwp%2Fv2%2Fcomments&post=101"}],"version-history":[{"count":3,"href":"https:\/\/sattanen.info\/wordpress\/index.php?rest_route=\/wp\/v2\/pages\/101\/revisions"}],"predecessor-version":[{"id":568,"href":"https:\/\/sattanen.info\/wordpress\/index.php?rest_route=\/wp\/v2\/pages\/101\/revisions\/568"}],"wp:attachment":[{"href":"https:\/\/sattanen.info\/wordpress\/index.php?rest_route=%2Fwp%2Fv2%2Fmedia&parent=101"}],"curies":[{"name":"wp","href":"https:\/\/api.w.org\/{rel}","templated":true}]}}